{"id":154,"date":"2026-01-15T13:18:59","date_gmt":"2026-01-15T13:18:59","guid":{"rendered":"https:\/\/glamestilistas.es\/?page_id=154"},"modified":"2026-03-10T14:39:17","modified_gmt":"2026-03-10T14:39:17","slug":"sobre-glam-estilistas-peluqueria-en-almeria","status":"publish","type":"page","link":"https:\/\/glamestilistas.es\/en\/sobre-glam-estilistas-peluqueria-en-almeria\/","title":{"rendered":"Sobre nosotros"},"content":{"rendered":"[et_pb_section fb_built=\u00bb1&#8243; custom_padding_last_edited=\u00bbon|phone\u00bb next_background_color=\u00bb#ffffff\u00bb _builder_version=\u00bb4.27.5&#8243; _module_preset=\u00bbdefault\u00bb background_color=\u00bb#000000&#8243; background_image=\u00bbhttp:\/\/glamestilistas.es\/wp-content\/uploads\/2026\/01\/2020-11-18.webp\u00bb background_position=\u00bbcenter_left\u00bb background_blend=\u00bbcolor-burn\u00bb positioning=\u00bbnone\u00bb custom_padding=\u00bb250px||60px||false|false\u00bb custom_padding_tablet=\u00bb0px|40px|120px|40px|false|false\u00bb custom_padding_phone=\u00bb150px|0px|20px|0px|false|false\u00bb bottom_divider_style=\u00bbslant2&#8243; bottom_divider_flip=\u00bbvertical\u00bb locked=\u00bboff\u00bb global_colors_info=\u00bb{}\u00bb][et_pb_row column_structure=\u00bb2_3,1_3&#8243; _builder_version=\u00bb4.27.5&#8243; _module_preset=\u00bbdefault\u00bb width=\u00bb90%\u00bb custom_margin=\u00bb2px|auto|2px|auto|true|false\u00bb global_colors_info=\u00bb{}\u00bb][et_pb_column type=\u00bb2_3&#8243; _builder_version=\u00bb4.27.5&#8243; _module_preset=\u00bbdefault\u00bb global_colors_info=\u00bb{}\u00bb][et_pb_text _builder_version=\u00bb4.27.5&#8243; _module_preset=\u00bbdefault\u00bb text_font=\u00bb&#8211;et_global_heading_font||on||||||\u00bb text_text_color=\u00bb#FFFFFF\u00bb text_font_size=\u00bb50px\u00bb text_line_height=\u00bb1.1em\u00bb header_font=\u00bb||on||||||\u00bb header_text_align=\u00bbleft\u00bb header_text_color=\u00bb#FFFFFF\u00bb header_font_size=\u00bb65px\u00bb animation_style=\u00bbslide\u00bb animation_direction=\u00bbbottom\u00bb animation_delay=\u00bb500ms\u00bb animation_intensity_slide=\u00bb10%\u00bb animation_speed_curve=\u00bbease\u00bb header_font_size_tablet=\u00bb55px\u00bb header_font_size_phone=\u00bb35px\u00bb header_font_size_last_edited=\u00bbon|tablet\u00bb header_text_shadow_style=\u00bbpreset2&#8243; global_colors_info=\u00bb{}\u00bb]<p><b>El Manifiesto Glam<\/b><\/p>[\/et_pb_text][\/et_pb_column][et_pb_column type=\u00bb1_3&#8243; _builder_version=\u00bb4.27.5&#8243; _module_preset=\u00bbdefault\u00bb global_colors_info=\u00bb{}\u00bb][\/et_pb_column][\/et_pb_row][\/et_pb_section][et_pb_section fb_built=\u00bb1&#8243; custom_padding_last_edited=\u00bbon|phone\u00bb _builder_version=\u00bb4.27.5&#8243; _module_preset=\u00bbdefault\u00bb custom_padding=\u00bb105px||105px||true|\u00bb custom_padding_tablet=\u00bb105px||105px||true|\u00bb custom_padding_phone=\u00bb50px||50px||true|false\u00bb locked=\u00bboff\u00bb global_colors_info=\u00bb{}\u00bb][et_pb_row column_structure=\u00bb2_5,3_5&#8243; use_custom_gutter=\u00bbon\u00bb gutter_width=\u00bb2&#8243; _builder_version=\u00bb4.27.5&#8243; _module_preset=\u00bbdefault\u00bb width=\u00bb90%\u00bb custom_margin=\u00bb0px||0px||false|false\u00bb custom_padding=\u00bb0px||0px||false|false\u00bb global_colors_info=\u00bb{}\u00bb][et_pb_column type=\u00bb2_5&#8243; _builder_version=\u00bb4.25.2&#8243; _module_preset=\u00bbdefault\u00bb global_colors_info=\u00bb{}\u00bb][et_pb_text _builder_version=\u00bb4.27.5&#8243; _module_preset=\u00bbdefault\u00bb text_font=\u00bb&#8211;et_global_heading_font||on||||||\u00bb text_text_color=\u00bb#000000&#8243; text_font_size=\u00bb50px\u00bb text_line_height=\u00bb1.1em\u00bb header_font=\u00bb||on||||||\u00bb header_text_align=\u00bbleft\u00bb header_text_color=\u00bb#FFFFFF\u00bb header_font_size=\u00bb65px\u00bb animation_style=\u00bbslide\u00bb animation_direction=\u00bbbottom\u00bb animation_delay=\u00bb500ms\u00bb animation_intensity_slide=\u00bb10%\u00bb animation_speed_curve=\u00bbease\u00bb header_font_size_tablet=\u00bb55px\u00bb header_font_size_phone=\u00bb35px\u00bb header_font_size_last_edited=\u00bbon|tablet\u00bb header_text_shadow_style=\u00bbpreset2&#8243; global_colors_info=\u00bb{}\u00bb]<p><b>La calidad ante todo<br \/><\/b><\/p>[\/et_pb_text][et_pb_image src=\u00bbhttp:\/\/glamestilistas.es\/wp-content\/uploads\/2026\/01\/2020-11-18-10.webp\u00bb title_text=\u00bb2020-11-18 (10)\u00bb _builder_version=\u00bb4.27.5&#8243; _module_preset=\u00bbdefault\u00bb global_colors_info=\u00bb{}\u00bb][\/et_pb_image][\/et_pb_column][et_pb_column type=\u00bb3_5&#8243; _builder_version=\u00bb4.25.2&#8243; _module_preset=\u00bbdefault\u00bb custom_padding=\u00bb|20px||15px|false|false\u00bb custom_padding_tablet=\u00bb|0px||0px|false|false\u00bb custom_padding_phone=\u00bb|0px||0px|false|false\u00bb custom_padding_last_edited=\u00bbon|tablet\u00bb global_colors_info=\u00bb{}\u00bb][et_pb_text _builder_version=\u00bb4.27.5&#8243; _module_preset=\u00bbdefault\u00bb text_font=\u00bb|300|||||||\u00bb text_text_color=\u00bb#2b2b2b\u00bb text_font_size=\u00bb20px\u00bb text_line_height=\u00bb1.4em\u00bb custom_margin=\u00bb2px||0px||false|false\u00bb custom_margin_tablet=\u00bb0px||30px||false|false\u00bb custom_margin_phone=\u00bb0px||30px||false|false\u00bb custom_margin_last_edited=\u00bbon|tablet\u00bb custom_padding=\u00bb6px||9px||false|false\u00bb animation_style=\u00bbfade\u00bb animation_direction=\u00bbright\u00bb animation_delay=\u00bb550ms\u00bb text_font_size_tablet=\u00bb25px\u00bb text_font_size_phone=\u00bb18px\u00bb text_font_size_last_edited=\u00bbon|phone\u00bb border_color_top=\u00bb#4d4d4d\u00bb global_colors_info=\u00bb{}\u00bb]<p>No ofrezco resultados imposibles.<br \/>Las redes y el Photoshop crean fantas\u00edas; yo trabajo con <strong>realidades<\/strong>.<\/p>[\/et_pb_text][et_pb_text _builder_version=\u00bb4.27.5&#8243; _module_preset=\u00bbdefault\u00bb text_font=\u00bb|300|||||||\u00bb text_text_color=\u00bb#2b2b2b\u00bb text_font_size=\u00bb20px\u00bb text_line_height=\u00bb1.4em\u00bb custom_margin=\u00bb2px||0px||false|false\u00bb custom_margin_tablet=\u00bb0px||30px||false|false\u00bb custom_margin_phone=\u00bb0px||30px||false|false\u00bb custom_margin_last_edited=\u00bbon|tablet\u00bb custom_padding=\u00bb11px||9px||false|false\u00bb animation_style=\u00bbfade\u00bb animation_delay=\u00bb550ms\u00bb text_font_size_tablet=\u00bb25px\u00bb text_font_size_phone=\u00bb18px\u00bb text_font_size_last_edited=\u00bbon|phone\u00bb border_color_top=\u00bb#4d4d4d\u00bb global_colors_info=\u00bb{}\u00bb]<p>La honestidad es mi primer l\u00edmite.<br \/>Si algo no es viable para tu cabello, lo digo.<br \/>No vendo ilusiones que terminan en frustraci\u00f3n.<\/p>[\/et_pb_text][et_pb_text _builder_version=\u00bb4.27.5&#8243; _module_preset=\u00bbdefault\u00bb text_font=\u00bb|300|||||||\u00bb text_text_color=\u00bb#2b2b2b\u00bb text_font_size=\u00bb20px\u00bb text_line_height=\u00bb1.4em\u00bb custom_margin=\u00bb2px||0px||false|false\u00bb custom_margin_tablet=\u00bb0px||30px||false|false\u00bb custom_margin_phone=\u00bb0px||30px||false|false\u00bb custom_margin_last_edited=\u00bbon|tablet\u00bb custom_padding=\u00bb6px||9px||false|false\u00bb animation_style=\u00bbfade\u00bb animation_delay=\u00bb550ms\u00bb text_font_size_tablet=\u00bb25px\u00bb text_font_size_phone=\u00bb18px\u00bb text_font_size_last_edited=\u00bbon|phone\u00bb border_color_top=\u00bb#4d4d4d\u00bb global_colors_info=\u00bb{}\u00bb]<p>No trabajo bajo presi\u00f3n emocional.<br \/>Las prisas no forman parte de un buen servicio.<br \/>Aqu\u00ed se trabaja bien o no se trabaja.<br \/>Prefiero <strong>poco y excelente<\/strong> antes que mucho y mal hecho.<\/p>[\/et_pb_text][et_pb_text _builder_version=\u00bb4.27.5&#8243; _module_preset=\u00bbdefault\u00bb text_font=\u00bb|300|||||||\u00bb text_text_color=\u00bb#2b2b2b\u00bb text_font_size=\u00bb20px\u00bb text_line_height=\u00bb1.4em\u00bb custom_margin=\u00bb2px||0px||false|false\u00bb custom_margin_tablet=\u00bb0px||30px||false|false\u00bb custom_margin_phone=\u00bb0px||30px||false|false\u00bb custom_margin_last_edited=\u00bbon|tablet\u00bb custom_padding=\u00bb6px||9px||false|false\u00bb animation_style=\u00bbfade\u00bb animation_delay=\u00bb550ms\u00bb text_font_size_tablet=\u00bb25px\u00bb text_font_size_phone=\u00bb18px\u00bb text_font_size_last_edited=\u00bbon|phone\u00bb border_color_top=\u00bb#4d4d4d\u00bb global_colors_info=\u00bb{}\u00bb]<p>No transformo cabellos sin un compromiso real de mantenimiento.<br \/>Un gran cambio sin cuidado posterior no es sostenible.<br \/>Mi responsabilidad es asegurar que el resultado se mantenga<br \/>y que el cabello no se deteriore por falta de atenci\u00f3n.<br \/>El mantenimiento es la garant\u00eda de un buen resultado.<\/p>[\/et_pb_text][et_pb_text _builder_version=\u00bb4.27.5&#8243; _module_preset=\u00bbdefault\u00bb text_font=\u00bb|300|||||||\u00bb text_text_color=\u00bb#2b2b2b\u00bb text_font_size=\u00bb20px\u00bb text_line_height=\u00bb1.4em\u00bb custom_margin=\u00bb2px||0px||false|false\u00bb custom_margin_tablet=\u00bb0px||30px||false|false\u00bb custom_margin_phone=\u00bb0px||30px||false|false\u00bb custom_margin_last_edited=\u00bbon|tablet\u00bb custom_padding=\u00bb6px||9px||false|false\u00bb animation_style=\u00bbfade\u00bb animation_delay=\u00bb550ms\u00bb text_font_size_tablet=\u00bb25px\u00bb text_font_size_phone=\u00bb18px\u00bb text_font_size_last_edited=\u00bbon|phone\u00bb border_color_top=\u00bb#4d4d4d\u00bb global_colors_info=\u00bb{}\u00bb]<p>No realizo trabajos sin un diagn\u00f3stico previo.<br \/>Antes de cualquier servicio t\u00e9cnico, necesito conocer el cabello,<br \/>su historial y las expectativas reales.<br \/>Sin diagn\u00f3stico no hay garant\u00eda.<br \/>Y sin garant\u00eda, no hay calidad.<\/p>[\/et_pb_text][et_pb_text _builder_version=\u00bb4.27.5&#8243; _module_preset=\u00bbdefault\u00bb text_font=\u00bb|300|||||||\u00bb text_text_color=\u00bb#2b2b2b\u00bb text_font_size=\u00bb20px\u00bb text_line_height=\u00bb1.4em\u00bb custom_margin=\u00bb2px||0px||false|false\u00bb custom_margin_tablet=\u00bb0px||30px||false|false\u00bb custom_margin_phone=\u00bb0px||30px||false|false\u00bb custom_margin_last_edited=\u00bbon|tablet\u00bb custom_padding=\u00bb6px||9px||false|false\u00bb animation_style=\u00bbfade\u00bb animation_delay=\u00bb550ms\u00bb text_font_size_tablet=\u00bb25px\u00bb text_font_size_phone=\u00bb18px\u00bb text_font_size_last_edited=\u00bbon|phone\u00bb border_color_top=\u00bb#4d4d4d\u00bb global_colors_info=\u00bb{}\u00bb]<p>No realizo servicios que pongan en riesgo la salud del cabello.<br \/>Si una t\u00e9cnica compromete su integridad, ah\u00ed est\u00e1 el l\u00edmite.<br \/>La salud capilar est\u00e1 por encima de todo.<br \/>Decir <strong>\u201cno\u201d<\/strong> tambi\u00e9n es una forma de cuidar.<\/p>[\/et_pb_text][et_pb_text _builder_version=\u00bb4.27.5&#8243; _module_preset=\u00bbdefault\u00bb text_font=\u00bb|300|||||||\u00bb text_text_color=\u00bb#2b2b2b\u00bb text_font_size=\u00bb20px\u00bb text_line_height=\u00bb1.4em\u00bb custom_margin=\u00bb2px||0px||false|false\u00bb custom_margin_tablet=\u00bb0px||30px||false|false\u00bb custom_margin_phone=\u00bb0px||30px||false|false\u00bb custom_margin_last_edited=\u00bbon|tablet\u00bb custom_padding=\u00bb6px||27px||false|false\u00bb animation_style=\u00bbfade\u00bb animation_delay=\u00bb550ms\u00bb text_font_size_tablet=\u00bb25px\u00bb text_font_size_phone=\u00bb18px\u00bb text_font_size_last_edited=\u00bbon|phone\u00bb border_color_top=\u00bb#4d4d4d\u00bb global_colors_info=\u00bb{}\u00bb]<p>Este es mi compromiso.<br \/>Estos son mis l\u00edmites.<br \/>Porque la verdadera excelencia empieza con la honestidad.<\/p>[\/et_pb_text][et_pb_text _builder_version=\u00bb4.27.5&#8243; _module_preset=\u00bbdefault\u00bb text_font=\u00bb&#8211;et_global_heading_font||on||||||\u00bb text_text_color=\u00bb#000000&#8243; text_font_size=\u00bb25px\u00bb text_line_height=\u00bb1.1em\u00bb header_font=\u00bb||on||||||\u00bb header_text_align=\u00bbleft\u00bb header_text_color=\u00bb#FFFFFF\u00bb header_font_size=\u00bb65px\u00bb animation_style=\u00bbslide\u00bb animation_direction=\u00bbbottom\u00bb animation_delay=\u00bb500ms\u00bb animation_intensity_slide=\u00bb10%\u00bb animation_speed_curve=\u00bbease\u00bb header_font_size_tablet=\u00bb55px\u00bb header_font_size_phone=\u00bb35px\u00bb header_font_size_last_edited=\u00bbon|tablet\u00bb header_text_shadow_style=\u00bbpreset2&#8243; locked=\u00bboff\u00bb global_colors_info=\u00bb{}\u00bb]<p><b>Tu imagen merece criterio, tiempo y excelencia.<\/b><\/p>[\/et_pb_text][et_pb_text _builder_version=\u00bb4.27.5&#8243; _module_preset=\u00bbdefault\u00bb text_font=\u00bb||||||||\u00bb text_text_color=\u00bb#FFFFFF\u00bb text_font_size=\u00bb18px\u00bb background_color=\u00bb#000000&#8243; custom_padding=\u00bb15px||15px||false|false\u00bb link_option_url=\u00bb#contacto\u00bb border_radii=\u00bbon|10px|10px|10px|10px\u00bb box_shadow_style=\u00bbpreset3&#8243; box_shadow_spread=\u00bb-18px\u00bb global_colors_info=\u00bb{}\u00bb background__hover_enabled=\u00bbon|desktop\u00bb background_color__hover=\u00bb#3a3a3a\u00bb background_enable_color__hover=\u00bbon\u00bb box_shadow_spread__hover_enabled=\u00bbon|desktop\u00bb box_shadow_spread__hover=\u00bb0px\u00bb]<p style=\"text-align: center;\"><span style=\"font-weight: 400;\">Pide tu cita<\/span><\/p>[\/et_pb_text][\/et_pb_column][\/et_pb_row][\/et_pb_section]","protected":false},"excerpt":{"rendered":"<p>El Manifiesto GlamLa calidad ante todoNo ofrezco resultados imposibles.Las redes y el Photoshop crean fantas\u00edas; yo trabajo con realidades.La honestidad es mi primer l\u00edmite.Si algo no es viable para tu cabello, lo digo.No vendo ilusiones que terminan en frustraci\u00f3n.No trabajo bajo presi\u00f3n emocional.Las prisas no forman parte de un buen servicio.Aqu\u00ed se trabaja bien o [&hellip;]<\/p>","protected":false},"author":2,"featured_media":0,"parent":0,"menu_order":0,"comment_status":"closed","ping_status":"closed","template":"","meta":{"_et_pb_use_builder":"on","_et_pb_old_content":"","_et_gb_content_width":"","footnotes":""},"class_list":["post-154","page","type-page","status-publish","hentry"],"yoast_head":"<!-- This site is optimized with the Yoast SEO plugin v27.1.1 - https:\/\/yoast.com\/product\/yoast-seo-wordpress\/ -->\n<title>Sobre nosotros - Glam Estilistas<\/title>\n<meta name=\"description\" content=\"Conoce Glam Estilistas, peluquer\u00eda en Almer\u00eda especializada en asesoramiento capilar, productos de calidad y atenci\u00f3n personalizada con cita previa.\" \/>\n<meta name=\"robots\" content=\"index, follow, max-snippet:-1, max-image-preview:large, max-video-preview:-1\" \/>\n<link rel=\"canonical\" href=\"https:\/\/glamestilistas.es\/en\/sobre-glam-estilistas-peluqueria-en-almeria\/\" \/>\n<meta property=\"og:locale\" content=\"en_GB\" \/>\n<meta property=\"og:type\" content=\"article\" \/>\n<meta property=\"og:title\" content=\"Sobre nosotros - Glam Estilistas\" \/>\n<meta property=\"og:description\" content=\"Conoce Glam Estilistas, peluquer\u00eda en Almer\u00eda especializada en asesoramiento capilar, productos de calidad y atenci\u00f3n personalizada con cita previa.\" \/>\n<meta property=\"og:url\" content=\"https:\/\/glamestilistas.es\/en\/sobre-glam-estilistas-peluqueria-en-almeria\/\" \/>\n<meta property=\"og:site_name\" content=\"Glam Estilistas\" \/>\n<meta property=\"article:publisher\" content=\"https:\/\/www.instagram.com\/glam_estilistas_almeria\/?hl=es-la\" \/>\n<meta property=\"article:modified_time\" content=\"2026-03-10T14:39:17+00:00\" \/>\n<meta name=\"twitter:card\" content=\"summary_large_image\" \/>\n<meta name=\"twitter:label1\" content=\"Estimated reading time\" \/>\n\t<meta name=\"twitter:data1\" content=\"2 minutes\" \/>\n<script type=\"application\/ld+json\" class=\"yoast-schema-graph\">{\"@context\":\"https:\/\/schema.org\",\"@graph\":[{\"@type\":\"WebPage\",\"@id\":\"https:\/\/glamestilistas.es\/sobre-glam-estilistas-peluqueria-en-almeria\/\",\"url\":\"https:\/\/glamestilistas.es\/sobre-glam-estilistas-peluqueria-en-almeria\/\",\"name\":\"Sobre nosotros - Glam Estilistas\",\"isPartOf\":{\"@id\":\"https:\/\/glamestilistas.es\/#website\"},\"datePublished\":\"2026-01-15T13:18:59+00:00\",\"dateModified\":\"2026-03-10T14:39:17+00:00\",\"description\":\"Conoce Glam Estilistas, peluquer\u00eda en Almer\u00eda especializada en asesoramiento capilar, productos de calidad y atenci\u00f3n personalizada con cita previa.\",\"breadcrumb\":{\"@id\":\"https:\/\/glamestilistas.es\/sobre-glam-estilistas-peluqueria-en-almeria\/#breadcrumb\"},\"inLanguage\":\"en-GB\",\"potentialAction\":[{\"@type\":\"ReadAction\",\"target\":[\"https:\/\/glamestilistas.es\/sobre-glam-estilistas-peluqueria-en-almeria\/\"]}]},{\"@type\":\"BreadcrumbList\",\"@id\":\"https:\/\/glamestilistas.es\/sobre-glam-estilistas-peluqueria-en-almeria\/#breadcrumb\",\"itemListElement\":[{\"@type\":\"ListItem\",\"position\":1,\"name\":\"Portada\",\"item\":\"https:\/\/glamestilistas.es\/\"},{\"@type\":\"ListItem\",\"position\":2,\"name\":\"Sobre nosotros\"}]},{\"@type\":\"WebSite\",\"@id\":\"https:\/\/glamestilistas.es\/#website\",\"url\":\"https:\/\/glamestilistas.es\/\",\"name\":\"Glam Estilistas\",\"description\":\"Sal&oacute;n de peluquer&iacute;a en Almer&iacute;a\",\"publisher\":{\"@id\":\"https:\/\/glamestilistas.es\/#organization\"},\"potentialAction\":[{\"@type\":\"SearchAction\",\"target\":{\"@type\":\"EntryPoint\",\"urlTemplate\":\"https:\/\/glamestilistas.es\/?s={search_term_string}\"},\"query-input\":{\"@type\":\"PropertyValueSpecification\",\"valueRequired\":true,\"valueName\":\"search_term_string\"}}],\"inLanguage\":\"en-GB\"},{\"@type\":\"Organization\",\"@id\":\"https:\/\/glamestilistas.es\/#organization\",\"name\":\"Glam Estilistas\",\"url\":\"https:\/\/glamestilistas.es\/\",\"logo\":{\"@type\":\"ImageObject\",\"inLanguage\":\"en-GB\",\"@id\":\"https:\/\/glamestilistas.es\/#\/schema\/logo\/image\/\",\"url\":\"https:\/\/glamestilistas.es\/wp-content\/uploads\/2026\/01\/Logo-Glam.png\",\"contentUrl\":\"https:\/\/glamestilistas.es\/wp-content\/uploads\/2026\/01\/Logo-Glam.png\",\"width\":1454,\"height\":842,\"caption\":\"Glam Estilistas\"},\"image\":{\"@id\":\"https:\/\/glamestilistas.es\/#\/schema\/logo\/image\/\"},\"sameAs\":[\"https:\/\/www.instagram.com\/glam_estilistas_almeria\/?hl=es-la\"]}]}<\/script>\n<!-- \/ Yoast SEO plugin. -->","yoast_head_json":{"title":"Sobre nosotros - Glam Estilistas","description":"Conoce Glam Estilistas, peluquer\u00eda en Almer\u00eda especializada en asesoramiento capilar, productos de calidad y atenci\u00f3n personalizada con cita previa.","robots":{"index":"index","follow":"follow","max-snippet":"max-snippet:-1","max-image-preview":"max-image-preview:large","max-video-preview":"max-video-preview:-1"},"canonical":"https:\/\/glamestilistas.es\/en\/sobre-glam-estilistas-peluqueria-en-almeria\/","og_locale":"en_GB","og_type":"article","og_title":"Sobre nosotros - Glam Estilistas","og_description":"Conoce Glam Estilistas, peluquer\u00eda en Almer\u00eda especializada en asesoramiento capilar, productos de calidad y atenci\u00f3n personalizada con cita previa.","og_url":"https:\/\/glamestilistas.es\/en\/sobre-glam-estilistas-peluqueria-en-almeria\/","og_site_name":"Glam Estilistas","article_publisher":"https:\/\/www.instagram.com\/glam_estilistas_almeria\/?hl=es-la","article_modified_time":"2026-03-10T14:39:17+00:00","twitter_card":"summary_large_image","twitter_misc":{"Estimated reading time":"2 minutes"},"schema":{"@context":"https:\/\/schema.org","@graph":[{"@type":"WebPage","@id":"https:\/\/glamestilistas.es\/sobre-glam-estilistas-peluqueria-en-almeria\/","url":"https:\/\/glamestilistas.es\/sobre-glam-estilistas-peluqueria-en-almeria\/","name":"Sobre nosotros - Glam Estilistas","isPartOf":{"@id":"https:\/\/glamestilistas.es\/#website"},"datePublished":"2026-01-15T13:18:59+00:00","dateModified":"2026-03-10T14:39:17+00:00","description":"Conoce Glam Estilistas, peluquer\u00eda en Almer\u00eda especializada en asesoramiento capilar, productos de calidad y atenci\u00f3n personalizada con cita previa.","breadcrumb":{"@id":"https:\/\/glamestilistas.es\/sobre-glam-estilistas-peluqueria-en-almeria\/#breadcrumb"},"inLanguage":"en-GB","potentialAction":[{"@type":"ReadAction","target":["https:\/\/glamestilistas.es\/sobre-glam-estilistas-peluqueria-en-almeria\/"]}]},{"@type":"BreadcrumbList","@id":"https:\/\/glamestilistas.es\/sobre-glam-estilistas-peluqueria-en-almeria\/#breadcrumb","itemListElement":[{"@type":"ListItem","position":1,"name":"Portada","item":"https:\/\/glamestilistas.es\/"},{"@type":"ListItem","position":2,"name":"Sobre nosotros"}]},{"@type":"WebSite","@id":"https:\/\/glamestilistas.es\/#website","url":"https:\/\/glamestilistas.es\/","name":"Glam Estilistas","description":"Sal&oacute;n de peluquer&iacute;a en Almer&iacute;a","publisher":{"@id":"https:\/\/glamestilistas.es\/#organization"},"potentialAction":[{"@type":"SearchAction","target":{"@type":"EntryPoint","urlTemplate":"https:\/\/glamestilistas.es\/?s={search_term_string}"},"query-input":{"@type":"PropertyValueSpecification","valueRequired":true,"valueName":"search_term_string"}}],"inLanguage":"en-GB"},{"@type":"Organization","@id":"https:\/\/glamestilistas.es\/#organization","name":"Glam Estilistas","url":"https:\/\/glamestilistas.es\/","logo":{"@type":"ImageObject","inLanguage":"en-GB","@id":"https:\/\/glamestilistas.es\/#\/schema\/logo\/image\/","url":"https:\/\/glamestilistas.es\/wp-content\/uploads\/2026\/01\/Logo-Glam.png","contentUrl":"https:\/\/glamestilistas.es\/wp-content\/uploads\/2026\/01\/Logo-Glam.png","width":1454,"height":842,"caption":"Glam Estilistas"},"image":{"@id":"https:\/\/glamestilistas.es\/#\/schema\/logo\/image\/"},"sameAs":["https:\/\/www.instagram.com\/glam_estilistas_almeria\/?hl=es-la"]}]}},"_links":{"self":[{"href":"https:\/\/glamestilistas.es\/en\/wp-json\/wp\/v2\/pages\/154","targetHints":{"allow":["GET"]}}],"collection":[{"href":"https:\/\/glamestilistas.es\/en\/wp-json\/wp\/v2\/pages"}],"about":[{"href":"https:\/\/glamestilistas.es\/en\/wp-json\/wp\/v2\/types\/page"}],"author":[{"embeddable":true,"href":"https:\/\/glamestilistas.es\/en\/wp-json\/wp\/v2\/users\/2"}],"replies":[{"embeddable":true,"href":"https:\/\/glamestilistas.es\/en\/wp-json\/wp\/v2\/comments?post=154"}],"version-history":[{"count":16,"href":"https:\/\/glamestilistas.es\/en\/wp-json\/wp\/v2\/pages\/154\/revisions"}],"predecessor-version":[{"id":262,"href":"https:\/\/glamestilistas.es\/en\/wp-json\/wp\/v2\/pages\/154\/revisions\/262"}],"wp:attachment":[{"href":"https:\/\/glamestilistas.es\/en\/wp-json\/wp\/v2\/media?parent=154"}],"curies":[{"name":"wp","href":"https:\/\/api.w.org\/{rel}","templated":true}]}}