{"id":190,"date":"2026-01-15T14:18:11","date_gmt":"2026-01-15T14:18:11","guid":{"rendered":"https:\/\/glamestilistas.es\/?page_id=190"},"modified":"2026-03-10T14:38:28","modified_gmt":"2026-03-10T14:38:28","slug":"donde-estamos","status":"publish","type":"page","link":"https:\/\/glamestilistas.es\/en\/donde-estamos\/","title":{"rendered":"D\u00f3nde estamos"},"content":{"rendered":"[et_pb_section fb_built=\u00bb1&#8243; custom_padding_last_edited=\u00bbon|phone\u00bb next_background_color=\u00bb#ffffff\u00bb _builder_version=\u00bb4.27.5&#8243; _module_preset=\u00bbdefault\u00bb background_color=\u00bb#000000&#8243; background_image=\u00bbhttp:\/\/glamestilistas.es\/wp-content\/uploads\/2026\/01\/2020-11-18.webp\u00bb background_position=\u00bbcenter_left\u00bb background_blend=\u00bbcolor-burn\u00bb positioning=\u00bbnone\u00bb custom_padding=\u00bb150px||20px||false|false\u00bb custom_padding_tablet=\u00bb0px|40px|120px|40px|false|false\u00bb custom_padding_phone=\u00bb80px|0px|10px|0px|false|false\u00bb bottom_divider_style=\u00bbslant2&#8243; bottom_divider_flip=\u00bbvertical\u00bb hover_enabled=\u00bb0&#8243; locked=\u00bboff\u00bb global_colors_info=\u00bb{}\u00bb sticky_enabled=\u00bb0&#8243;][et_pb_row column_structure=\u00bb2_3,1_3&#8243; _builder_version=\u00bb4.27.5&#8243; _module_preset=\u00bbdefault\u00bb width=\u00bb90%\u00bb custom_margin=\u00bb-2px|auto|-2px|auto|true|false\u00bb global_colors_info=\u00bb{}\u00bb custom_padding=\u00bb112px||112px||true|\u00bb][et_pb_column type=\u00bb2_3&#8243; _builder_version=\u00bb4.27.5&#8243; _module_preset=\u00bbdefault\u00bb global_colors_info=\u00bb{}\u00bb][et_pb_text _builder_version=\u00bb4.27.5&#8243; _dynamic_attributes=\u00bbcontent\u00bb _module_preset=\u00bbdefault\u00bb text_font=\u00bb&#8211;et_global_heading_font||on||||||\u00bb text_text_color=\u00bb#FFFFFF\u00bb text_font_size=\u00bb50px\u00bb text_line_height=\u00bb1.1em\u00bb header_font=\u00bb||on||||||\u00bb header_text_align=\u00bbleft\u00bb header_text_color=\u00bb#FFFFFF\u00bb header_font_size=\u00bb65px\u00bb animation_style=\u00bbslide\u00bb animation_direction=\u00bbbottom\u00bb animation_delay=\u00bb500ms\u00bb animation_intensity_slide=\u00bb10%\u00bb animation_speed_curve=\u00bbease\u00bb header_font_size_tablet=\u00bb55px\u00bb header_font_size_phone=\u00bb35px\u00bb header_font_size_last_edited=\u00bbon|tablet\u00bb header_text_shadow_style=\u00bbpreset2&#8243; global_colors_info=\u00bb{}\u00bb]@ET-DC@eyJkeW5hbWljIjp0cnVlLCJjb250ZW50IjoicG9zdF90aXRsZSIsInNldHRpbmdzIjp7ImJlZm9yZSI6IiIsImFmdGVyIjoiIn19@[\/et_pb_text][\/et_pb_column][et_pb_column type=\u00bb1_3&#8243; _builder_version=\u00bb4.27.5&#8243; _module_preset=\u00bbdefault\u00bb global_colors_info=\u00bb{}\u00bb][\/et_pb_column][\/et_pb_row][\/et_pb_section][et_pb_section fb_built=\u00bb1&#8243; custom_padding_last_edited=\u00bbon|phone\u00bb _builder_version=\u00bb4.27.5&#8243; _module_preset=\u00bbdefault\u00bb custom_padding=\u00bb50px||50px||true|\u00bb custom_padding_tablet=\u00bb105px||105px||true|\u00bb custom_padding_phone=\u00bb50px||50px||true|false\u00bb locked=\u00bboff\u00bb global_colors_info=\u00bb{}\u00bb][et_pb_row column_structure=\u00bb1_2,1_2&#8243; use_custom_gutter=\u00bbon\u00bb gutter_width=\u00bb2&#8243; _builder_version=\u00bb4.27.5&#8243; _module_preset=\u00bbdefault\u00bb width=\u00bb90%\u00bb custom_margin=\u00bb0px||0px||false|false\u00bb custom_padding=\u00bb0px||0px||false|false\u00bb global_colors_info=\u00bb{}\u00bb][et_pb_column type=\u00bb1_2&#8243; _builder_version=\u00bb4.25.2&#8243; _module_preset=\u00bbdefault\u00bb global_colors_info=\u00bb{}\u00bb][et_pb_text _builder_version=\u00bb4.27.5&#8243; _module_preset=\u00bbdefault\u00bb text_font=\u00bb|300|||||||\u00bb text_text_color=\u00bb#2b2b2b\u00bb text_font_size=\u00bb20px\u00bb text_line_height=\u00bb1.4em\u00bb custom_margin=\u00bb2px||0px||false|false\u00bb custom_margin_tablet=\u00bb0px||30px||false|false\u00bb custom_margin_phone=\u00bb0px||30px||false|false\u00bb custom_margin_last_edited=\u00bbon|tablet\u00bb custom_padding=\u00bb6px||9px||false|false\u00bb animation_style=\u00bbfade\u00bb animation_direction=\u00bbright\u00bb animation_delay=\u00bb550ms\u00bb text_font_size_tablet=\u00bb25px\u00bb text_font_size_phone=\u00bb18px\u00bb text_font_size_last_edited=\u00bbon|phone\u00bb border_color_top=\u00bb#4d4d4d\u00bb global_colors_info=\u00bb{}\u00bb]Glam Estilistas es un sal\u00f3n pensado para la tranquilidad y el cuidado. Un espacio donde disfrutar de una experiencia de lujo, sin prisas y con atenci\u00f3n totalmente personalizada.\n\nTrabajamos exclusivamente con cita previa, garantizando puntualidad, sin esperas ni retrasos, y dedicando a cada cliente el tiempo que merece.[\/et_pb_text][\/et_pb_column][et_pb_column type=\u00bb1_2&#8243; _builder_version=\u00bb4.25.2&#8243; _module_preset=\u00bbdefault\u00bb custom_padding=\u00bb|20px||15px|false|false\u00bb custom_padding_tablet=\u00bb|0px||0px|false|false\u00bb custom_padding_phone=\u00bb|0px||0px|false|false\u00bb custom_padding_last_edited=\u00bbon|tablet\u00bb global_colors_info=\u00bb{}\u00bb][et_pb_text _builder_version=\u00bb4.27.5&#8243; _module_preset=\u00bbdefault\u00bb text_font=\u00bb&#8211;et_global_heading_font||on||||||\u00bb text_text_color=\u00bb#000000&#8243; text_font_size=\u00bb25px\u00bb text_line_height=\u00bb1.1em\u00bb header_font=\u00bb||on||||||\u00bb header_text_align=\u00bbleft\u00bb header_text_color=\u00bb#FFFFFF\u00bb header_font_size=\u00bb65px\u00bb animation_style=\u00bbslide\u00bb animation_direction=\u00bbbottom\u00bb animation_delay=\u00bb500ms\u00bb animation_intensity_slide=\u00bb10%\u00bb animation_speed_curve=\u00bbease\u00bb header_font_size_tablet=\u00bb55px\u00bb header_font_size_phone=\u00bb35px\u00bb header_font_size_last_edited=\u00bbon|tablet\u00bb header_text_shadow_style=\u00bbpreset2&#8243; locked=\u00bboff\u00bb global_colors_info=\u00bb{}\u00bb]<p><b>Reserva tu cita previamente<\/b><\/p>[\/et_pb_text][et_pb_blurb title=\u00bbAv. de la Estaci\u00f3n, 26 \u00b7 04005 Almer\u00eda\u00bb use_icon=\u00bbon\u00bb font_icon=\u00bb&#xf3c5;||fa||900&#8243; icon_placement=\u00bbleft\u00bb content_max_width=\u00bb100%\u00bb _builder_version=\u00bb4.27.5&#8243; _module_preset=\u00bbdefault\u00bb header_level=\u00bbh2&#8243; header_text_color=\u00bb#000000&#8243; header_font_size=\u00bb20px\u00bb header_line_height=\u00bb1.6em\u00bb body_font=\u00bb|300|||||||\u00bb body_text_color=\u00bb#FFFFFF\u00bb body_font_size=\u00bb20px\u00bb custom_margin=\u00bb||5px||false|false\u00bb locked=\u00bboff\u00bb global_colors_info=\u00bb{}\u00bb][\/et_pb_blurb][et_pb_blurb title=\u00bb950 08 81 44&#8243; use_icon=\u00bbon\u00bb font_icon=\u00bb&#xf3cd;||fa||900&#8243; icon_placement=\u00bbleft\u00bb content_max_width=\u00bb100%\u00bb _builder_version=\u00bb4.27.5&#8243; _module_preset=\u00bbdefault\u00bb header_level=\u00bbh2&#8243; header_text_color=\u00bb#000000&#8243; header_font_size=\u00bb20px\u00bb header_line_height=\u00bb1.6em\u00bb body_font=\u00bb|300|||||||\u00bb body_text_color=\u00bb#FFFFFF\u00bb body_font_size=\u00bb20px\u00bb custom_margin=\u00bb||5px||false|false\u00bb locked=\u00bboff\u00bb global_colors_info=\u00bb{}\u00bb][\/et_pb_blurb][et_pb_blurb title=\u00bb627 97 23 38&#8243; use_icon=\u00bbon\u00bb font_icon=\u00bb&#xf232;||fa||400&#8243; icon_placement=\u00bbleft\u00bb content_max_width=\u00bb100%\u00bb _builder_version=\u00bb4.27.5&#8243; _module_preset=\u00bbdefault\u00bb header_level=\u00bbh2&#8243; header_text_color=\u00bb#000000&#8243; header_font_size=\u00bb20px\u00bb header_line_height=\u00bb1.6em\u00bb body_font=\u00bb|300|||||||\u00bb body_text_color=\u00bb#FFFFFF\u00bb body_font_size=\u00bb20px\u00bb custom_margin=\u00bb||5px||false|false\u00bb locked=\u00bboff\u00bb global_colors_info=\u00bb{}\u00bb][\/et_pb_blurb][\/et_pb_column][\/et_pb_row][et_pb_row column_structure=\u00bb1_2,1_2&#8243; use_custom_gutter=\u00bbon\u00bb gutter_width=\u00bb2&#8243; _builder_version=\u00bb4.27.5&#8243; _module_preset=\u00bbdefault\u00bb width=\u00bb90%\u00bb custom_margin=\u00bb0px||0px||false|false\u00bb custom_padding=\u00bb0px||0px||false|false\u00bb global_colors_info=\u00bb{}\u00bb][et_pb_column type=\u00bb1_2&#8243; _builder_version=\u00bb4.25.2&#8243; _module_preset=\u00bbdefault\u00bb global_colors_info=\u00bb{}\u00bb][et_pb_image src=\u00bbhttp:\/\/glamestilistas.es\/wp-content\/uploads\/2026\/01\/2020-11-18.webp\u00bb title_text=\u00bb2020-11-18&#8243; _builder_version=\u00bb4.27.5&#8243; _module_preset=\u00bbdefault\u00bb global_colors_info=\u00bb{}\u00bb][\/et_pb_image][\/et_pb_column][et_pb_column type=\u00bb1_2&#8243; _builder_version=\u00bb4.25.2&#8243; _module_preset=\u00bbdefault\u00bb custom_padding=\u00bb|20px||15px|false|false\u00bb custom_padding_tablet=\u00bb|0px||0px|false|false\u00bb custom_padding_phone=\u00bb|0px||0px|false|false\u00bb custom_padding_last_edited=\u00bbon|tablet\u00bb global_colors_info=\u00bb{}\u00bb][dsm_embed_google_map address=\u00bbAv. de la Estaci\u00f3n, 26 \u00b7 04005 Almer\u00eda\u00bb zoom=\u00bb15&#8243; _builder_version=\u00bb4.27.5&#8243; _module_preset=\u00bbdefault\u00bb height=\u00bb470px\u00bb global_colors_info=\u00bb{}\u00bb][\/dsm_embed_google_map][\/et_pb_column][\/et_pb_row][\/et_pb_section]","protected":false},"excerpt":{"rendered":"<p>Glam Estilistas es un sal\u00f3n pensado para la tranquilidad y el cuidado. Un espacio donde disfrutar de una experiencia de lujo, sin prisas y con atenci\u00f3n totalmente personalizada. Trabajamos exclusivamente con cita previa, garantizando puntualidad, sin esperas ni retrasos, y dedicando a cada cliente el tiempo que merece.Reserva tu cita previamente<div class=\"et_pb_module dsm_embed_google_map dsm_embed_google_map_0\">\n\t\t\t\t\n\t\t\t\t\n\t\t\t\t\n\t\t\t\t\n\t\t\t\t\n\t\t\t\t\n\t\t\t\t<div class=\"et_pb_module_inner\">\n\t\t\t\t\t<iframe frameborder=\"0\" scrolling=\"no\" marginheight=\"0\" marginwidth=\"0\" src=\"https:\/\/maps.google.com\/maps?q=%C2%BBAv.&amp;t=m&amp;z=10&amp;output=embed&amp;iwloc=near&hl=en_GB\" aria-label=\"\u00bbAv.\"><\/iframe>\n\t\t\t\t<\/div>\n\t\t\t<\/div><\/p>","protected":false},"author":2,"featured_media":0,"parent":0,"menu_order":0,"comment_status":"closed","ping_status":"closed","template":"","meta":{"_et_pb_use_builder":"on","_et_pb_old_content":"","_et_gb_content_width":"","footnotes":""},"class_list":["post-190","page","type-page","status-publish","hentry"],"yoast_head":"<!-- This site is optimized with the Yoast SEO plugin v27.1.1 - https:\/\/yoast.com\/product\/yoast-seo-wordpress\/ -->\n<title>D\u00f3nde estamos - Glam Estilistas<\/title>\n<meta name=\"description\" content=\"Encuentra Glam Estilistas en Av. de la Estaci\u00f3n, 26, Almer\u00eda. Peluquer\u00eda en el centro de Almer\u00eda con atenci\u00f3n personalizada y cita previa.\" \/>\n<meta name=\"robots\" content=\"index, follow, max-snippet:-1, max-image-preview:large, max-video-preview:-1\" \/>\n<link rel=\"canonical\" href=\"https:\/\/glamestilistas.es\/en\/donde-estamos\/\" \/>\n<meta property=\"og:locale\" content=\"en_GB\" \/>\n<meta property=\"og:type\" content=\"article\" \/>\n<meta property=\"og:title\" content=\"D\u00f3nde estamos - Glam Estilistas\" \/>\n<meta property=\"og:description\" content=\"Encuentra Glam Estilistas en Av. de la Estaci\u00f3n, 26, Almer\u00eda. Peluquer\u00eda en el centro de Almer\u00eda con atenci\u00f3n personalizada y cita previa.\" \/>\n<meta property=\"og:url\" content=\"https:\/\/glamestilistas.es\/en\/donde-estamos\/\" \/>\n<meta property=\"og:site_name\" content=\"Glam Estilistas\" \/>\n<meta property=\"article:publisher\" content=\"https:\/\/www.instagram.com\/glam_estilistas_almeria\/?hl=es-la\" \/>\n<meta property=\"article:modified_time\" content=\"2026-03-10T14:38:28+00:00\" \/>\n<meta name=\"twitter:card\" content=\"summary_large_image\" \/>\n<meta name=\"twitter:label1\" content=\"Estimated reading time\" \/>\n\t<meta name=\"twitter:data1\" content=\"1 minute\" \/>\n<script type=\"application\/ld+json\" class=\"yoast-schema-graph\">{\"@context\":\"https:\/\/schema.org\",\"@graph\":[{\"@type\":\"WebPage\",\"@id\":\"https:\/\/glamestilistas.es\/donde-estamos\/\",\"url\":\"https:\/\/glamestilistas.es\/donde-estamos\/\",\"name\":\"D\u00f3nde estamos - Glam Estilistas\",\"isPartOf\":{\"@id\":\"https:\/\/glamestilistas.es\/#website\"},\"datePublished\":\"2026-01-15T14:18:11+00:00\",\"dateModified\":\"2026-03-10T14:38:28+00:00\",\"description\":\"Encuentra Glam Estilistas en Av. de la Estaci\u00f3n, 26, Almer\u00eda. Peluquer\u00eda en el centro de Almer\u00eda con atenci\u00f3n personalizada y cita previa.\",\"breadcrumb\":{\"@id\":\"https:\/\/glamestilistas.es\/donde-estamos\/#breadcrumb\"},\"inLanguage\":\"en-GB\",\"potentialAction\":[{\"@type\":\"ReadAction\",\"target\":[\"https:\/\/glamestilistas.es\/donde-estamos\/\"]}]},{\"@type\":\"BreadcrumbList\",\"@id\":\"https:\/\/glamestilistas.es\/donde-estamos\/#breadcrumb\",\"itemListElement\":[{\"@type\":\"ListItem\",\"position\":1,\"name\":\"Portada\",\"item\":\"https:\/\/glamestilistas.es\/\"},{\"@type\":\"ListItem\",\"position\":2,\"name\":\"D\u00f3nde estamos\"}]},{\"@type\":\"WebSite\",\"@id\":\"https:\/\/glamestilistas.es\/#website\",\"url\":\"https:\/\/glamestilistas.es\/\",\"name\":\"Glam Estilistas\",\"description\":\"Sal&oacute;n de peluquer&iacute;a en Almer&iacute;a\",\"publisher\":{\"@id\":\"https:\/\/glamestilistas.es\/#organization\"},\"potentialAction\":[{\"@type\":\"SearchAction\",\"target\":{\"@type\":\"EntryPoint\",\"urlTemplate\":\"https:\/\/glamestilistas.es\/?s={search_term_string}\"},\"query-input\":{\"@type\":\"PropertyValueSpecification\",\"valueRequired\":true,\"valueName\":\"search_term_string\"}}],\"inLanguage\":\"en-GB\"},{\"@type\":\"Organization\",\"@id\":\"https:\/\/glamestilistas.es\/#organization\",\"name\":\"Glam Estilistas\",\"url\":\"https:\/\/glamestilistas.es\/\",\"logo\":{\"@type\":\"ImageObject\",\"inLanguage\":\"en-GB\",\"@id\":\"https:\/\/glamestilistas.es\/#\/schema\/logo\/image\/\",\"url\":\"https:\/\/glamestilistas.es\/wp-content\/uploads\/2026\/01\/Logo-Glam.png\",\"contentUrl\":\"https:\/\/glamestilistas.es\/wp-content\/uploads\/2026\/01\/Logo-Glam.png\",\"width\":1454,\"height\":842,\"caption\":\"Glam Estilistas\"},\"image\":{\"@id\":\"https:\/\/glamestilistas.es\/#\/schema\/logo\/image\/\"},\"sameAs\":[\"https:\/\/www.instagram.com\/glam_estilistas_almeria\/?hl=es-la\"]}]}<\/script>\n<!-- \/ Yoast SEO plugin. -->","yoast_head_json":{"title":"D\u00f3nde estamos - Glam Estilistas","description":"Encuentra Glam Estilistas en Av. de la Estaci\u00f3n, 26, Almer\u00eda. Peluquer\u00eda en el centro de Almer\u00eda con atenci\u00f3n personalizada y cita previa.","robots":{"index":"index","follow":"follow","max-snippet":"max-snippet:-1","max-image-preview":"max-image-preview:large","max-video-preview":"max-video-preview:-1"},"canonical":"https:\/\/glamestilistas.es\/en\/donde-estamos\/","og_locale":"en_GB","og_type":"article","og_title":"D\u00f3nde estamos - Glam Estilistas","og_description":"Encuentra Glam Estilistas en Av. de la Estaci\u00f3n, 26, Almer\u00eda. Peluquer\u00eda en el centro de Almer\u00eda con atenci\u00f3n personalizada y cita previa.","og_url":"https:\/\/glamestilistas.es\/en\/donde-estamos\/","og_site_name":"Glam Estilistas","article_publisher":"https:\/\/www.instagram.com\/glam_estilistas_almeria\/?hl=es-la","article_modified_time":"2026-03-10T14:38:28+00:00","twitter_card":"summary_large_image","twitter_misc":{"Estimated reading time":"1 minute"},"schema":{"@context":"https:\/\/schema.org","@graph":[{"@type":"WebPage","@id":"https:\/\/glamestilistas.es\/donde-estamos\/","url":"https:\/\/glamestilistas.es\/donde-estamos\/","name":"D\u00f3nde estamos - Glam Estilistas","isPartOf":{"@id":"https:\/\/glamestilistas.es\/#website"},"datePublished":"2026-01-15T14:18:11+00:00","dateModified":"2026-03-10T14:38:28+00:00","description":"Encuentra Glam Estilistas en Av. de la Estaci\u00f3n, 26, Almer\u00eda. Peluquer\u00eda en el centro de Almer\u00eda con atenci\u00f3n personalizada y cita previa.","breadcrumb":{"@id":"https:\/\/glamestilistas.es\/donde-estamos\/#breadcrumb"},"inLanguage":"en-GB","potentialAction":[{"@type":"ReadAction","target":["https:\/\/glamestilistas.es\/donde-estamos\/"]}]},{"@type":"BreadcrumbList","@id":"https:\/\/glamestilistas.es\/donde-estamos\/#breadcrumb","itemListElement":[{"@type":"ListItem","position":1,"name":"Portada","item":"https:\/\/glamestilistas.es\/"},{"@type":"ListItem","position":2,"name":"D\u00f3nde estamos"}]},{"@type":"WebSite","@id":"https:\/\/glamestilistas.es\/#website","url":"https:\/\/glamestilistas.es\/","name":"Glam Estilistas","description":"Sal&oacute;n de peluquer&iacute;a en Almer&iacute;a","publisher":{"@id":"https:\/\/glamestilistas.es\/#organization"},"potentialAction":[{"@type":"SearchAction","target":{"@type":"EntryPoint","urlTemplate":"https:\/\/glamestilistas.es\/?s={search_term_string}"},"query-input":{"@type":"PropertyValueSpecification","valueRequired":true,"valueName":"search_term_string"}}],"inLanguage":"en-GB"},{"@type":"Organization","@id":"https:\/\/glamestilistas.es\/#organization","name":"Glam Estilistas","url":"https:\/\/glamestilistas.es\/","logo":{"@type":"ImageObject","inLanguage":"en-GB","@id":"https:\/\/glamestilistas.es\/#\/schema\/logo\/image\/","url":"https:\/\/glamestilistas.es\/wp-content\/uploads\/2026\/01\/Logo-Glam.png","contentUrl":"https:\/\/glamestilistas.es\/wp-content\/uploads\/2026\/01\/Logo-Glam.png","width":1454,"height":842,"caption":"Glam Estilistas"},"image":{"@id":"https:\/\/glamestilistas.es\/#\/schema\/logo\/image\/"},"sameAs":["https:\/\/www.instagram.com\/glam_estilistas_almeria\/?hl=es-la"]}]}},"_links":{"self":[{"href":"https:\/\/glamestilistas.es\/en\/wp-json\/wp\/v2\/pages\/190","targetHints":{"allow":["GET"]}}],"collection":[{"href":"https:\/\/glamestilistas.es\/en\/wp-json\/wp\/v2\/pages"}],"about":[{"href":"https:\/\/glamestilistas.es\/en\/wp-json\/wp\/v2\/types\/page"}],"author":[{"embeddable":true,"href":"https:\/\/glamestilistas.es\/en\/wp-json\/wp\/v2\/users\/2"}],"replies":[{"embeddable":true,"href":"https:\/\/glamestilistas.es\/en\/wp-json\/wp\/v2\/comments?post=190"}],"version-history":[{"count":9,"href":"https:\/\/glamestilistas.es\/en\/wp-json\/wp\/v2\/pages\/190\/revisions"}],"predecessor-version":[{"id":261,"href":"https:\/\/glamestilistas.es\/en\/wp-json\/wp\/v2\/pages\/190\/revisions\/261"}],"wp:attachment":[{"href":"https:\/\/glamestilistas.es\/en\/wp-json\/wp\/v2\/media?parent=190"}],"curies":[{"name":"wp","href":"https:\/\/api.w.org\/{rel}","templated":true}]}}