{"id":219,"date":"2026-01-29T13:05:36","date_gmt":"2026-01-29T13:05:36","guid":{"rendered":"https:\/\/glamestilistas.es\/?page_id=219"},"modified":"2026-01-29T13:07:58","modified_gmt":"2026-01-29T13:07:58","slug":"politica-de-cookies","status":"publish","type":"page","link":"https:\/\/glamestilistas.es\/en\/politica-de-cookies\/","title":{"rendered":"POL\u00cdTICA DE COOKIES"},"content":{"rendered":"<p>[et_pb_section fb_built=\u00bb1&#8243; custom_padding_last_edited=\u00bbon|phone\u00bb next_background_color=\u00bb#ffffff\u00bb _builder_version=\u00bb4.27.5&#8243; _module_preset=\u00bbdefault\u00bb background_color=\u00bb#000000&#8243; background_image=\u00bbhttp:\/\/glamestilistas.es\/wp-content\/uploads\/2026\/01\/2020-11-18.webp\u00bb background_position=\u00bbcenter_left\u00bb background_blend=\u00bbcolor-burn\u00bb positioning=\u00bbnone\u00bb custom_padding=\u00bb250px||60px||false|false\u00bb custom_padding_tablet=\u00bb0px|40px|120px|40px|false|false\u00bb custom_padding_phone=\u00bb150px|0px|20px|0px|false|false\u00bb bottom_divider_style=\u00bbslant2&#8243; bottom_divider_flip=\u00bbvertical\u00bb locked=\u00bboff\u00bb global_colors_info=\u00bb{}\u00bb theme_builder_area=\u00bbpost_content\u00bb][et_pb_row column_structure=\u00bb2_3,1_3&#8243; _builder_version=\u00bb4.27.5&#8243; _module_preset=\u00bbdefault\u00bb width=\u00bb90%\u00bb custom_margin=\u00bb2px|auto|2px|auto|true|false\u00bb global_colors_info=\u00bb{}\u00bb theme_builder_area=\u00bbpost_content\u00bb][et_pb_column type=\u00bb2_3&#8243; _builder_version=\u00bb4.27.5&#8243; _module_preset=\u00bbdefault\u00bb global_colors_info=\u00bb{}\u00bb theme_builder_area=\u00bbpost_content\u00bb][et_pb_text _builder_version=\u00bb4.27.5&#8243; _module_preset=\u00bbdefault\u00bb text_font=\u00bb&#8211;et_global_heading_font||on||||||\u00bb text_text_color=\u00bb#FFFFFF\u00bb text_font_size=\u00bb50px\u00bb text_line_height=\u00bb1.1em\u00bb header_font=\u00bb||on||||||\u00bb header_text_align=\u00bbleft\u00bb header_text_color=\u00bb#FFFFFF\u00bb header_font_size=\u00bb65px\u00bb animation_style=\u00bbslide\u00bb animation_direction=\u00bbbottom\u00bb animation_delay=\u00bb500ms\u00bb animation_intensity_slide=\u00bb10%\u00bb animation_speed_curve=\u00bbease\u00bb header_font_size_tablet=\u00bb55px\u00bb header_font_size_phone=\u00bb35px\u00bb header_font_size_last_edited=\u00bbon|tablet\u00bb header_text_shadow_style=\u00bbpreset2&#8243; global_colors_info=\u00bb{}\u00bb theme_builder_area=\u00bbpost_content\u00bb]<\/p>\n<p><b>POL\u00cdTICA DE COOKIES<\/b><\/p>\n<p>[\/et_pb_text][\/et_pb_column][et_pb_column type=\u00bb1_3&#8243; _builder_version=\u00bb4.27.5&#8243; _module_preset=\u00bbdefault\u00bb global_colors_info=\u00bb{}\u00bb theme_builder_area=\u00bbpost_content\u00bb][\/et_pb_column][\/et_pb_row][\/et_pb_section][et_pb_section fb_built=\u00bb1&#8243; custom_padding_last_edited=\u00bbon|phone\u00bb _builder_version=\u00bb4.27.5&#8243; _module_preset=\u00bbdefault\u00bb custom_padding=\u00bb105px||105px||true|\u00bb custom_padding_tablet=\u00bb105px||105px||true|\u00bb custom_padding_phone=\u00bb50px||50px||true|false\u00bb locked=\u00bboff\u00bb global_colors_info=\u00bb{}\u00bb theme_builder_area=\u00bbpost_content\u00bb][et_pb_row use_custom_gutter=\u00bbon\u00bb gutter_width=\u00bb2&#8243; _builder_version=\u00bb4.27.5&#8243; _module_preset=\u00bbdefault\u00bb width=\u00bb90%\u00bb custom_margin=\u00bb0px||0px||false|false\u00bb custom_padding=\u00bb0px||0px||false|false\u00bb global_colors_info=\u00bb{}\u00bb theme_builder_area=\u00bbpost_content\u00bb][et_pb_column type=\u00bb4_4&#8243; _builder_version=\u00bb4.25.2&#8243; _module_preset=\u00bbdefault\u00bb global_colors_info=\u00bb{}\u00bb theme_builder_area=\u00bbpost_content\u00bb][et_pb_text _builder_version=\u00bb4.27.5&#8243; _module_preset=\u00bbdefault\u00bb text_font=\u00bb|300|||||||\u00bb text_text_color=\u00bb#2b2b2b\u00bb text_font_size=\u00bb20px\u00bb text_line_height=\u00bb1.4em\u00bb custom_margin=\u00bb2px||0px||false|false\u00bb custom_margin_tablet=\u00bb0px||30px||false|false\u00bb custom_margin_phone=\u00bb0px||30px||false|false\u00bb custom_margin_last_edited=\u00bbon|tablet\u00bb custom_padding=\u00bb6px||9px||false|false\u00bb animation_style=\u00bbfade\u00bb animation_direction=\u00bbright\u00bb animation_delay=\u00bb550ms\u00bb text_font_size_tablet=\u00bb25px\u00bb text_font_size_phone=\u00bb18px\u00bb text_font_size_last_edited=\u00bbon|phone\u00bb border_color_top=\u00bb#4d4d4d\u00bb global_colors_info=\u00bb{}\u00bb theme_builder_area=\u00bbpost_content\u00bb]<\/p>\n<p><b>\u00bfQu\u00e9 son las cookies?<\/b><\/p>\n<p><span style=\"font-weight: 400;\">Las cookies son peque\u00f1os archivos que se descargan en el dispositivo del usuario al acceder a una p\u00e1gina web y permiten mejorar la experiencia de navegaci\u00f3n.<\/span><\/p>\n<p><b>Tipos de cookies utilizadas<\/b><\/p>\n<p><span style=\"font-weight: 400;\">Este sitio web utiliza:<\/span><\/p>\n<ul>\n<li style=\"font-weight: 400;\" aria-level=\"1\"><b>Cookies t\u00e9cnicas<\/b><span style=\"font-weight: 400;\">, necesarias para el funcionamiento del sitio web.<\/span><\/li>\n<li style=\"font-weight: 400;\" aria-level=\"1\"><b>Cookies anal\u00edticas<\/b><span style=\"font-weight: 400;\">, utilizadas para analizar la navegaci\u00f3n de los usuarios mediante <\/span><b>Google Analytics<\/b><span style=\"font-weight: 400;\">, solo si el usuario presta su consentimiento expreso.<\/span><\/li>\n<\/ul>\n<p><b>Cookies utilizadas en este sitio web<\/b><\/p>\n<table>\n<tbody>\n<tr>\n<td>\n<p><b>Cookie<\/b><\/p>\n<\/td>\n<td>\n<p><b>Tipo<\/b><\/p>\n<\/td>\n<td>\n<p><b>Duraci\u00f3n<\/b><\/p>\n<\/td>\n<td>\n<p><b>Finalidad<\/b><\/p>\n<\/td>\n<\/tr>\n<tr>\n<td>\n<p><span style=\"font-weight: 400;\">_ga<\/span><\/p>\n<\/td>\n<td>\n<p><span style=\"font-weight: 400;\">Anal\u00edtica<\/span><\/p>\n<\/td>\n<td>\n<p><span style=\"font-weight: 400;\">2 a\u00f1os<\/span><\/p>\n<\/td>\n<td>\n<p><span style=\"font-weight: 400;\">Distinguir usuarios<\/span><\/p>\n<\/td>\n<\/tr>\n<tr>\n<td>\n<p><i><span style=\"font-weight: 400;\">ga<\/span><\/i><span style=\"font-weight: 400;\">*<\/span><\/p>\n<\/td>\n<td>\n<p><span style=\"font-weight: 400;\">Anal\u00edtica<\/span><\/p>\n<\/td>\n<td>\n<p><span style=\"font-weight: 400;\">2 a\u00f1os<\/span><\/p>\n<\/td>\n<td>\n<p><span style=\"font-weight: 400;\">Anal\u00edtica de navegaci\u00f3n<\/span><\/p>\n<\/td>\n<\/tr>\n<tr>\n<td>\n<p><span style=\"font-weight: 400;\">viewed_cookie_policy<\/span><\/p>\n<\/td>\n<td>\n<p><span style=\"font-weight: 400;\">T\u00e9cnica<\/span><\/p>\n<\/td>\n<td>\n<p><span style=\"font-weight: 400;\">11 meses<\/span><\/p>\n<\/td>\n<td>\n<p><span style=\"font-weight: 400;\">Guardar consentimiento<\/span><\/p>\n<\/td>\n<\/tr>\n<tr>\n<td>\n<p><span style=\"font-weight: 400;\">cookielawinfo-checkbox-analytics<\/span><\/p>\n<\/td>\n<td>\n<p><span style=\"font-weight: 400;\">T\u00e9cnica<\/span><\/p>\n<\/td>\n<td>\n<p><span style=\"font-weight: 400;\">11 meses<\/span><\/p>\n<\/td>\n<td>\n<p><span style=\"font-weight: 400;\">Preferencias<\/span><\/p>\n<\/td>\n<\/tr>\n<\/tbody>\n<\/table>\n<p><i><span style=\"font-weight: 400;\">(Las cookies pueden variar seg\u00fan el plugin de cookies utilizado en WordPress)<\/span><\/i><\/p>\n<p><b>Gesti\u00f3n del consentimiento<\/b><\/p>\n<p><span style=\"font-weight: 400;\">El usuario puede aceptar, rechazar o configurar el uso de cookies en cualquier momento a trav\u00e9s del banner o panel de configuraci\u00f3n de cookies disponible en el sitio web.<\/span><\/p>\n<p><b>Configuraci\u00f3n desde el navegador<\/b><\/p>\n<p><span style=\"font-weight: 400;\">El usuario puede bloquear o eliminar las cookies desde la configuraci\u00f3n de su navegador:<\/span><\/p>\n<ul>\n<li style=\"font-weight: 400;\" aria-level=\"1\"><span style=\"font-weight: 400;\">Chrome: https:\/\/support.google.com\/chrome\/answer\/95647<\/span><\/li>\n<li style=\"font-weight: 400;\" aria-level=\"1\"><span style=\"font-weight: 400;\">Firefox: <\/span><a href=\"about:blank\"><span style=\"font-weight: 400;\">https:\/\/support.mozilla.org\/es\/kb\/habilitar-y-deshabilitar-cookies<\/span><\/a><\/li>\n<li style=\"font-weight: 400;\" aria-level=\"1\"><span style=\"font-weight: 400;\">Edge: <\/span><a href=\"about:blank\"><span style=\"font-weight: 400;\">https:\/\/support.microsoft.com\/es-es\/help\/4468242<\/span><\/a><\/li>\n<li style=\"font-weight: 400;\" aria-level=\"1\"><span style=\"font-weight: 400;\">Safari: <\/span><a href=\"about:blank\"><span style=\"font-weight: 400;\">https:\/\/support.apple.com\/es-es\/HT201265<\/span><\/a><\/li>\n<\/ul>\n<p><b>Actualizaci\u00f3n de la Pol\u00edtica de Cookies<\/b><\/p>\n<p><span style=\"font-weight: 400;\">La presente Pol\u00edtica de Cookies podr\u00e1 modificarse en funci\u00f3n de exigencias legales o cambios en las cookies utilizadas. Se recomienda revisarla peri\u00f3dicamente.<\/span><\/p>\n<p>[\/et_pb_text][\/et_pb_column][\/et_pb_row][\/et_pb_section]<\/p>","protected":false},"excerpt":{"rendered":"<p>POL\u00cdTICA DE COOKIES\u00bfQu\u00e9 son las cookies? Las cookies son peque\u00f1os archivos que se descargan en el dispositivo del usuario al acceder a una p\u00e1gina web y permiten mejorar la experiencia de navegaci\u00f3n. Tipos de cookies utilizadas Este sitio web utiliza: Cookies t\u00e9cnicas, necesarias para el funcionamiento del sitio web. Cookies anal\u00edticas, utilizadas para analizar la [&hellip;]<\/p>","protected":false},"author":2,"featured_media":0,"parent":0,"menu_order":0,"comment_status":"closed","ping_status":"closed","template":"","meta":{"_et_pb_use_builder":"on","_et_pb_old_content":"","_et_gb_content_width":"","footnotes":""},"class_list":["post-219","page","type-page","status-publish","hentry"],"yoast_head":"<!-- This site is optimized with the Yoast SEO plugin v27.1.1 - https:\/\/yoast.com\/product\/yoast-seo-wordpress\/ -->\n<title>POL\u00cdTICA DE COOKIES - Glam Estilistas<\/title>\n<meta name=\"robots\" content=\"index, follow, max-snippet:-1, max-image-preview:large, max-video-preview:-1\" \/>\n<link rel=\"canonical\" href=\"https:\/\/glamestilistas.es\/en\/politica-de-cookies\/\" \/>\n<meta property=\"og:locale\" content=\"en_GB\" \/>\n<meta property=\"og:type\" content=\"article\" \/>\n<meta property=\"og:title\" content=\"POL\u00cdTICA DE COOKIES - Glam Estilistas\" \/>\n<meta property=\"og:description\" content=\"POL\u00cdTICA DE COOKIES\u00bfQu\u00e9 son las cookies? Las cookies son peque\u00f1os archivos que se descargan en el dispositivo del usuario al acceder a una p\u00e1gina web y permiten mejorar la experiencia de navegaci\u00f3n. Tipos de cookies utilizadas Este sitio web utiliza: Cookies t\u00e9cnicas, necesarias para el funcionamiento del sitio web. Cookies anal\u00edticas, utilizadas para analizar la [&hellip;]\" \/>\n<meta property=\"og:url\" content=\"https:\/\/glamestilistas.es\/en\/politica-de-cookies\/\" \/>\n<meta property=\"og:site_name\" content=\"Glam Estilistas\" \/>\n<meta property=\"article:publisher\" content=\"https:\/\/www.instagram.com\/glam_estilistas_almeria\/?hl=es-la\" \/>\n<meta property=\"article:modified_time\" content=\"2026-01-29T13:07:58+00:00\" \/>\n<meta name=\"twitter:card\" content=\"summary_large_image\" \/>\n<meta name=\"twitter:label1\" content=\"Estimated reading time\" \/>\n\t<meta name=\"twitter:data1\" content=\"4 minutes\" \/>\n<script type=\"application\/ld+json\" class=\"yoast-schema-graph\">{\"@context\":\"https:\/\/schema.org\",\"@graph\":[{\"@type\":\"WebPage\",\"@id\":\"https:\/\/glamestilistas.es\/politica-de-cookies\/\",\"url\":\"https:\/\/glamestilistas.es\/politica-de-cookies\/\",\"name\":\"POL\u00cdTICA DE COOKIES - Glam Estilistas\",\"isPartOf\":{\"@id\":\"https:\/\/glamestilistas.es\/#website\"},\"datePublished\":\"2026-01-29T13:05:36+00:00\",\"dateModified\":\"2026-01-29T13:07:58+00:00\",\"breadcrumb\":{\"@id\":\"https:\/\/glamestilistas.es\/politica-de-cookies\/#breadcrumb\"},\"inLanguage\":\"en-GB\",\"potentialAction\":[{\"@type\":\"ReadAction\",\"target\":[\"https:\/\/glamestilistas.es\/politica-de-cookies\/\"]}]},{\"@type\":\"BreadcrumbList\",\"@id\":\"https:\/\/glamestilistas.es\/politica-de-cookies\/#breadcrumb\",\"itemListElement\":[{\"@type\":\"ListItem\",\"position\":1,\"name\":\"Portada\",\"item\":\"https:\/\/glamestilistas.es\/\"},{\"@type\":\"ListItem\",\"position\":2,\"name\":\"POL\u00cdTICA DE COOKIES\"}]},{\"@type\":\"WebSite\",\"@id\":\"https:\/\/glamestilistas.es\/#website\",\"url\":\"https:\/\/glamestilistas.es\/\",\"name\":\"Glam Estilistas\",\"description\":\"Sal&oacute;n de peluquer&iacute;a en Almer&iacute;a\",\"publisher\":{\"@id\":\"https:\/\/glamestilistas.es\/#organization\"},\"potentialAction\":[{\"@type\":\"SearchAction\",\"target\":{\"@type\":\"EntryPoint\",\"urlTemplate\":\"https:\/\/glamestilistas.es\/?s={search_term_string}\"},\"query-input\":{\"@type\":\"PropertyValueSpecification\",\"valueRequired\":true,\"valueName\":\"search_term_string\"}}],\"inLanguage\":\"en-GB\"},{\"@type\":\"Organization\",\"@id\":\"https:\/\/glamestilistas.es\/#organization\",\"name\":\"Glam Estilistas\",\"url\":\"https:\/\/glamestilistas.es\/\",\"logo\":{\"@type\":\"ImageObject\",\"inLanguage\":\"en-GB\",\"@id\":\"https:\/\/glamestilistas.es\/#\/schema\/logo\/image\/\",\"url\":\"https:\/\/glamestilistas.es\/wp-content\/uploads\/2026\/01\/Logo-Glam.png\",\"contentUrl\":\"https:\/\/glamestilistas.es\/wp-content\/uploads\/2026\/01\/Logo-Glam.png\",\"width\":1454,\"height\":842,\"caption\":\"Glam Estilistas\"},\"image\":{\"@id\":\"https:\/\/glamestilistas.es\/#\/schema\/logo\/image\/\"},\"sameAs\":[\"https:\/\/www.instagram.com\/glam_estilistas_almeria\/?hl=es-la\"]}]}<\/script>\n<!-- \/ Yoast SEO plugin. -->","yoast_head_json":{"title":"POL\u00cdTICA DE COOKIES - Glam Estilistas","robots":{"index":"index","follow":"follow","max-snippet":"max-snippet:-1","max-image-preview":"max-image-preview:large","max-video-preview":"max-video-preview:-1"},"canonical":"https:\/\/glamestilistas.es\/en\/politica-de-cookies\/","og_locale":"en_GB","og_type":"article","og_title":"POL\u00cdTICA DE COOKIES - Glam Estilistas","og_description":"POL\u00cdTICA DE COOKIES\u00bfQu\u00e9 son las cookies? Las cookies son peque\u00f1os archivos que se descargan en el dispositivo del usuario al acceder a una p\u00e1gina web y permiten mejorar la experiencia de navegaci\u00f3n. Tipos de cookies utilizadas Este sitio web utiliza: Cookies t\u00e9cnicas, necesarias para el funcionamiento del sitio web. Cookies anal\u00edticas, utilizadas para analizar la [&hellip;]","og_url":"https:\/\/glamestilistas.es\/en\/politica-de-cookies\/","og_site_name":"Glam Estilistas","article_publisher":"https:\/\/www.instagram.com\/glam_estilistas_almeria\/?hl=es-la","article_modified_time":"2026-01-29T13:07:58+00:00","twitter_card":"summary_large_image","twitter_misc":{"Estimated reading time":"4 minutes"},"schema":{"@context":"https:\/\/schema.org","@graph":[{"@type":"WebPage","@id":"https:\/\/glamestilistas.es\/politica-de-cookies\/","url":"https:\/\/glamestilistas.es\/politica-de-cookies\/","name":"POL\u00cdTICA DE COOKIES - Glam Estilistas","isPartOf":{"@id":"https:\/\/glamestilistas.es\/#website"},"datePublished":"2026-01-29T13:05:36+00:00","dateModified":"2026-01-29T13:07:58+00:00","breadcrumb":{"@id":"https:\/\/glamestilistas.es\/politica-de-cookies\/#breadcrumb"},"inLanguage":"en-GB","potentialAction":[{"@type":"ReadAction","target":["https:\/\/glamestilistas.es\/politica-de-cookies\/"]}]},{"@type":"BreadcrumbList","@id":"https:\/\/glamestilistas.es\/politica-de-cookies\/#breadcrumb","itemListElement":[{"@type":"ListItem","position":1,"name":"Portada","item":"https:\/\/glamestilistas.es\/"},{"@type":"ListItem","position":2,"name":"POL\u00cdTICA DE COOKIES"}]},{"@type":"WebSite","@id":"https:\/\/glamestilistas.es\/#website","url":"https:\/\/glamestilistas.es\/","name":"Glam Estilistas","description":"Sal&oacute;n de peluquer&iacute;a en Almer&iacute;a","publisher":{"@id":"https:\/\/glamestilistas.es\/#organization"},"potentialAction":[{"@type":"SearchAction","target":{"@type":"EntryPoint","urlTemplate":"https:\/\/glamestilistas.es\/?s={search_term_string}"},"query-input":{"@type":"PropertyValueSpecification","valueRequired":true,"valueName":"search_term_string"}}],"inLanguage":"en-GB"},{"@type":"Organization","@id":"https:\/\/glamestilistas.es\/#organization","name":"Glam Estilistas","url":"https:\/\/glamestilistas.es\/","logo":{"@type":"ImageObject","inLanguage":"en-GB","@id":"https:\/\/glamestilistas.es\/#\/schema\/logo\/image\/","url":"https:\/\/glamestilistas.es\/wp-content\/uploads\/2026\/01\/Logo-Glam.png","contentUrl":"https:\/\/glamestilistas.es\/wp-content\/uploads\/2026\/01\/Logo-Glam.png","width":1454,"height":842,"caption":"Glam Estilistas"},"image":{"@id":"https:\/\/glamestilistas.es\/#\/schema\/logo\/image\/"},"sameAs":["https:\/\/www.instagram.com\/glam_estilistas_almeria\/?hl=es-la"]}]}},"_links":{"self":[{"href":"https:\/\/glamestilistas.es\/en\/wp-json\/wp\/v2\/pages\/219","targetHints":{"allow":["GET"]}}],"collection":[{"href":"https:\/\/glamestilistas.es\/en\/wp-json\/wp\/v2\/pages"}],"about":[{"href":"https:\/\/glamestilistas.es\/en\/wp-json\/wp\/v2\/types\/page"}],"author":[{"embeddable":true,"href":"https:\/\/glamestilistas.es\/en\/wp-json\/wp\/v2\/users\/2"}],"replies":[{"embeddable":true,"href":"https:\/\/glamestilistas.es\/en\/wp-json\/wp\/v2\/comments?post=219"}],"version-history":[{"count":3,"href":"https:\/\/glamestilistas.es\/en\/wp-json\/wp\/v2\/pages\/219\/revisions"}],"predecessor-version":[{"id":223,"href":"https:\/\/glamestilistas.es\/en\/wp-json\/wp\/v2\/pages\/219\/revisions\/223"}],"wp:attachment":[{"href":"https:\/\/glamestilistas.es\/en\/wp-json\/wp\/v2\/media?parent=219"}],"curies":[{"name":"wp","href":"https:\/\/api.w.org\/{rel}","templated":true}]}}