{"id":224,"date":"2026-01-29T13:09:38","date_gmt":"2026-01-29T13:09:38","guid":{"rendered":"https:\/\/glamestilistas.es\/?page_id=224"},"modified":"2026-01-29T13:10:40","modified_gmt":"2026-01-29T13:10:40","slug":"politica-de-privacidad","status":"publish","type":"page","link":"https:\/\/glamestilistas.es\/en\/politica-de-privacidad\/","title":{"rendered":"POL\u00cdTICA DE PRIVACIDAD"},"content":{"rendered":"<p>[et_pb_section fb_built=\u00bb1&#8243; custom_padding_last_edited=\u00bbon|phone\u00bb next_background_color=\u00bb#ffffff\u00bb _builder_version=\u00bb4.27.5&#8243; _module_preset=\u00bbdefault\u00bb background_color=\u00bb#000000&#8243; background_image=\u00bbhttp:\/\/glamestilistas.es\/wp-content\/uploads\/2026\/01\/2020-11-18.webp\u00bb background_position=\u00bbcenter_left\u00bb background_blend=\u00bbcolor-burn\u00bb positioning=\u00bbnone\u00bb custom_padding=\u00bb250px||60px||false|false\u00bb custom_padding_tablet=\u00bb0px|40px|120px|40px|false|false\u00bb custom_padding_phone=\u00bb150px|0px|20px|0px|false|false\u00bb bottom_divider_style=\u00bbslant2&#8243; bottom_divider_flip=\u00bbvertical\u00bb locked=\u00bboff\u00bb global_colors_info=\u00bb{}\u00bb theme_builder_area=\u00bbpost_content\u00bb][et_pb_row column_structure=\u00bb2_3,1_3&#8243; _builder_version=\u00bb4.27.5&#8243; _module_preset=\u00bbdefault\u00bb width=\u00bb90%\u00bb custom_margin=\u00bb2px|auto|2px|auto|true|false\u00bb global_colors_info=\u00bb{}\u00bb theme_builder_area=\u00bbpost_content\u00bb][et_pb_column type=\u00bb2_3&#8243; _builder_version=\u00bb4.27.5&#8243; _module_preset=\u00bbdefault\u00bb global_colors_info=\u00bb{}\u00bb theme_builder_area=\u00bbpost_content\u00bb][et_pb_text _builder_version=\u00bb4.27.5&#8243; _module_preset=\u00bbdefault\u00bb text_font=\u00bb&#8211;et_global_heading_font||on||||||\u00bb text_text_color=\u00bb#FFFFFF\u00bb text_font_size=\u00bb50px\u00bb text_line_height=\u00bb1.1em\u00bb header_font=\u00bb||on||||||\u00bb header_text_align=\u00bbleft\u00bb header_text_color=\u00bb#FFFFFF\u00bb header_font_size=\u00bb65px\u00bb animation_style=\u00bbslide\u00bb animation_direction=\u00bbbottom\u00bb animation_delay=\u00bb500ms\u00bb animation_intensity_slide=\u00bb10%\u00bb animation_speed_curve=\u00bbease\u00bb header_font_size_tablet=\u00bb55px\u00bb header_font_size_phone=\u00bb35px\u00bb header_font_size_last_edited=\u00bbon|tablet\u00bb header_text_shadow_style=\u00bbpreset2&#8243; global_colors_info=\u00bb{}\u00bb theme_builder_area=\u00bbpost_content\u00bb]<\/p>\n<p><b>POL\u00cdTICA DE COOKIES<\/b><\/p>\n<p>[\/et_pb_text][\/et_pb_column][et_pb_column type=\u00bb1_3&#8243; _builder_version=\u00bb4.27.5&#8243; _module_preset=\u00bbdefault\u00bb global_colors_info=\u00bb{}\u00bb theme_builder_area=\u00bbpost_content\u00bb][\/et_pb_column][\/et_pb_row][\/et_pb_section][et_pb_section fb_built=\u00bb1&#8243; custom_padding_last_edited=\u00bbon|phone\u00bb _builder_version=\u00bb4.27.5&#8243; _module_preset=\u00bbdefault\u00bb custom_padding=\u00bb105px||105px||true|\u00bb custom_padding_tablet=\u00bb105px||105px||true|\u00bb custom_padding_phone=\u00bb50px||50px||true|false\u00bb locked=\u00bboff\u00bb global_colors_info=\u00bb{}\u00bb theme_builder_area=\u00bbpost_content\u00bb][et_pb_row use_custom_gutter=\u00bbon\u00bb gutter_width=\u00bb2&#8243; _builder_version=\u00bb4.27.5&#8243; _module_preset=\u00bbdefault\u00bb width=\u00bb90%\u00bb custom_margin=\u00bb0px||0px||false|false\u00bb custom_padding=\u00bb0px||0px||false|false\u00bb global_colors_info=\u00bb{}\u00bb theme_builder_area=\u00bbpost_content\u00bb][et_pb_column type=\u00bb4_4&#8243; _builder_version=\u00bb4.25.2&#8243; _module_preset=\u00bbdefault\u00bb global_colors_info=\u00bb{}\u00bb theme_builder_area=\u00bbpost_content\u00bb][et_pb_text _builder_version=\u00bb4.27.5&#8243; _module_preset=\u00bbdefault\u00bb text_font=\u00bb|300|||||||\u00bb text_text_color=\u00bb#2b2b2b\u00bb text_font_size=\u00bb20px\u00bb text_line_height=\u00bb1.4em\u00bb custom_margin=\u00bb2px||0px||false|false\u00bb custom_margin_tablet=\u00bb0px||30px||false|false\u00bb custom_margin_phone=\u00bb0px||30px||false|false\u00bb custom_margin_last_edited=\u00bbon|tablet\u00bb custom_padding=\u00bb6px||9px||false|false\u00bb animation_style=\u00bbfade\u00bb animation_direction=\u00bbright\u00bb animation_delay=\u00bb550ms\u00bb text_font_size_tablet=\u00bb25px\u00bb text_font_size_phone=\u00bb18px\u00bb text_font_size_last_edited=\u00bbon|phone\u00bb border_color_top=\u00bb#4d4d4d\u00bb global_colors_info=\u00bb{}\u00bb theme_builder_area=\u00bbpost_content\u00bb]<\/p>\n<p><strong>Responsable del tratamiento<\/strong><\/p>\n<p><b>Responsable:<\/b><span style=\"font-weight: 400;\"> Carlos Enrique Gonz\u00e1lez Carlos<\/span><span style=\"font-weight: 400;\"><br \/><\/span><b>NIF:<\/b><span style=\"font-weight: 400;\"> 44388157C<\/span><span style=\"font-weight: 400;\"><br \/><\/span><b>Nombre comercial:<\/b><span style=\"font-weight: 400;\"> Glam Estilistas<\/span><span style=\"font-weight: 400;\"><br \/><\/span><b>Direcci\u00f3n:<\/b><span style=\"font-weight: 400;\"> Av. de la Estaci\u00f3n, 26 \u2013 04005 \u2013 Almer\u00eda<\/span><span style=\"font-weight: 400;\"><br \/><\/span><b>Tel\u00e9fono:<\/b><span style=\"font-weight: 400;\"> 950 08 81 44<\/span><span style=\"font-weight: 400;\"><br \/><\/span><b>WhatsApp:<\/b><span style=\"font-weight: 400;\"> 627 97 23 38<\/span><\/p>\n<p><b>Datos personales tratados<\/b><\/p>\n<p><span style=\"font-weight: 400;\">A trav\u00e9s del sitio web se podr\u00e1n tratar los siguientes datos personales:<\/span><\/p>\n<ul>\n<li style=\"font-weight: 400;\" aria-level=\"1\"><span style=\"font-weight: 400;\">Nombre y apellidos<\/span><\/li>\n<li style=\"font-weight: 400;\" aria-level=\"1\"><span style=\"font-weight: 400;\">Tel\u00e9fono<\/span><\/li>\n<li style=\"font-weight: 400;\" aria-level=\"1\"><span style=\"font-weight: 400;\">Informaci\u00f3n necesaria para la gesti\u00f3n de citas<\/span><\/li>\n<li style=\"font-weight: 400;\" aria-level=\"1\"><span style=\"font-weight: 400;\">Datos de navegaci\u00f3n (mediante cookies anal\u00edticas, solo con consentimiento)<\/span><\/li>\n<\/ul>\n<p><b>Finalidad del tratamiento<\/b><\/p>\n<p><span style=\"font-weight: 400;\">Los datos personales ser\u00e1n tratados con las siguientes finalidades:<\/span><\/p>\n<ul>\n<li style=\"font-weight: 400;\" aria-level=\"1\"><span style=\"font-weight: 400;\">Gestionar solicitudes de informaci\u00f3n.<\/span><\/li>\n<li style=\"font-weight: 400;\" aria-level=\"1\"><span style=\"font-weight: 400;\">Gestionar la reserva de citas previas.<\/span><\/li>\n<li style=\"font-weight: 400;\" aria-level=\"1\"><span style=\"font-weight: 400;\">Contactar con el usuario en relaci\u00f3n con su cita.<\/span><\/li>\n<li style=\"font-weight: 400;\" aria-level=\"1\"><span style=\"font-weight: 400;\">Analizar la navegaci\u00f3n de los usuarios mediante Google Analytics (solo con consentimiento).<\/span><\/li>\n<\/ul>\n<p><b>Base legal del tratamiento<\/b><\/p>\n<p><span style=\"font-weight: 400;\">La base legal para el tratamiento de los datos es:<\/span><\/p>\n<ul>\n<li style=\"font-weight: 400;\" aria-level=\"1\"><b>El consentimiento del interesado<\/b><span style=\"font-weight: 400;\">, al contactar o reservar una cita.<\/span><\/li>\n<li style=\"font-weight: 400;\" aria-level=\"1\"><b>La ejecuci\u00f3n de un servicio<\/b><span style=\"font-weight: 400;\">, en el caso de citas solicitadas.<\/span><\/li>\n<li style=\"font-weight: 400;\" aria-level=\"1\"><span style=\"font-weight: 400;\">El consentimiento expreso para el uso de cookies anal\u00edticas.<\/span><\/li>\n<\/ul>\n<p><b>Plazo de conservaci\u00f3n<\/b><\/p>\n<p><span style=\"font-weight: 400;\">Los datos personales se conservar\u00e1n durante:<\/span><\/p>\n<ul>\n<li style=\"font-weight: 400;\" aria-level=\"1\"><b>Datos de contacto y citas:<\/b><span style=\"font-weight: 400;\"> el tiempo necesario para gestionar el servicio y hasta un m\u00e1ximo de 24 meses.<\/span><\/li>\n<li style=\"font-weight: 400;\" aria-level=\"1\"><b>Datos relacionados con servicios prestados:<\/b><span style=\"font-weight: 400;\"> durante los plazos exigidos por la normativa fiscal y contable (5 a\u00f1os).<\/span><\/li>\n<li style=\"font-weight: 400;\" aria-level=\"1\"><b>Datos anal\u00edticos:<\/b><span style=\"font-weight: 400;\"> seg\u00fan la duraci\u00f3n de las cookies correspondientes.<\/span><\/li>\n<\/ul>\n<p><b>Destinatarios<\/b><\/p>\n<p><span style=\"font-weight: 400;\">No se ceder\u00e1n datos a terceros salvo obligaci\u00f3n legal.<\/span><\/p>\n<p><span style=\"font-weight: 400;\">Para el correcto funcionamiento del sitio web se utilizan servicios de terceros en calidad de encargados del tratamiento:<\/span><\/p>\n<ul>\n<li style=\"font-weight: 400;\" aria-level=\"1\"><b>Google Ireland Limited<\/b><span style=\"font-weight: 400;\"> (Google Analytics)<\/span><\/li>\n<\/ul>\n<p><span style=\"font-weight: 400;\">Google puede realizar transferencias internacionales de datos a Estados Unidos, amparadas en las <\/span><b>Cl\u00e1usulas Contractuales Tipo<\/b><span style=\"font-weight: 400;\"> aprobadas por la Comisi\u00f3n Europea.<\/span><\/p>\n<p><b>Derechos del usuario<\/b><\/p>\n<p><span style=\"font-weight: 400;\">El interesado puede ejercer los siguientes derechos:<\/span><\/p>\n<ul>\n<li style=\"font-weight: 400;\" aria-level=\"1\"><span style=\"font-weight: 400;\">Acceso a sus datos personales<\/span><\/li>\n<li style=\"font-weight: 400;\" aria-level=\"1\"><span style=\"font-weight: 400;\">Rectificaci\u00f3n de datos inexactos<\/span><\/li>\n<li style=\"font-weight: 400;\" aria-level=\"1\"><span style=\"font-weight: 400;\">Supresi\u00f3n de sus datos<\/span><\/li>\n<li style=\"font-weight: 400;\" aria-level=\"1\"><span style=\"font-weight: 400;\">Oposici\u00f3n y limitaci\u00f3n del tratamiento<\/span><\/li>\n<li style=\"font-weight: 400;\" aria-level=\"1\"><span style=\"font-weight: 400;\">Retirada del consentimiento en cualquier momento<\/span><\/li>\n<\/ul>\n<p><span style=\"font-weight: 400;\">Para ejercer estos derechos puede enviar una solicitud al titular por los medios de contacto indicados.<\/span><span style=\"font-weight: 400;\"><br \/><\/span><span style=\"font-weight: 400;\">Asimismo, puede presentar una reclamaci\u00f3n ante la <\/span><b>Agencia Espa\u00f1ola de Protecci\u00f3n de Datos (<\/b><a href=\"http:\/\/www.aepd.es\"><b>www.aepd.es<\/b><\/a><b>)<\/b><span style=\"font-weight: 400;\">.<\/span><\/p>\n<p>[\/et_pb_text][\/et_pb_column][\/et_pb_row][\/et_pb_section]<\/p>","protected":false},"excerpt":{"rendered":"<p>POL\u00cdTICA DE COOKIESResponsable del tratamiento Responsable: Carlos Enrique Gonz\u00e1lez CarlosNIF: 44388157CNombre comercial: Glam EstilistasDirecci\u00f3n: Av. de la Estaci\u00f3n, 26 \u2013 04005 \u2013 Almer\u00edaTel\u00e9fono: 950 08 81 44WhatsApp: 627 97 23 38 Datos personales tratados A trav\u00e9s del sitio web se podr\u00e1n tratar los siguientes datos personales: Nombre y apellidos Tel\u00e9fono Informaci\u00f3n necesaria para la gesti\u00f3n [&hellip;]<\/p>","protected":false},"author":2,"featured_media":0,"parent":0,"menu_order":0,"comment_status":"closed","ping_status":"closed","template":"","meta":{"_et_pb_use_builder":"on","_et_pb_old_content":"","_et_gb_content_width":"","footnotes":""},"class_list":["post-224","page","type-page","status-publish","hentry"],"yoast_head":"<!-- This site is optimized with the Yoast SEO plugin v27.1.1 - https:\/\/yoast.com\/product\/yoast-seo-wordpress\/ -->\n<title>POL\u00cdTICA DE PRIVACIDAD - Glam Estilistas<\/title>\n<meta name=\"robots\" content=\"index, follow, max-snippet:-1, max-image-preview:large, max-video-preview:-1\" \/>\n<link rel=\"canonical\" href=\"https:\/\/glamestilistas.es\/en\/politica-de-privacidad\/\" \/>\n<meta property=\"og:locale\" content=\"en_GB\" \/>\n<meta property=\"og:type\" content=\"article\" \/>\n<meta property=\"og:title\" content=\"POL\u00cdTICA DE PRIVACIDAD - Glam Estilistas\" \/>\n<meta property=\"og:description\" content=\"POL\u00cdTICA DE COOKIESResponsable del tratamiento Responsable: Carlos Enrique Gonz\u00e1lez CarlosNIF: 44388157CNombre comercial: Glam EstilistasDirecci\u00f3n: Av. de la Estaci\u00f3n, 26 \u2013 04005 \u2013 Almer\u00edaTel\u00e9fono: 950 08 81 44WhatsApp: 627 97 23 38 Datos personales tratados A trav\u00e9s del sitio web se podr\u00e1n tratar los siguientes datos personales: Nombre y apellidos Tel\u00e9fono Informaci\u00f3n necesaria para la gesti\u00f3n [&hellip;]\" \/>\n<meta property=\"og:url\" content=\"https:\/\/glamestilistas.es\/en\/politica-de-privacidad\/\" \/>\n<meta property=\"og:site_name\" content=\"Glam Estilistas\" \/>\n<meta property=\"article:publisher\" content=\"https:\/\/www.instagram.com\/glam_estilistas_almeria\/?hl=es-la\" \/>\n<meta property=\"article:modified_time\" content=\"2026-01-29T13:10:40+00:00\" \/>\n<meta name=\"twitter:card\" content=\"summary_large_image\" \/>\n<meta name=\"twitter:label1\" content=\"Estimated reading time\" \/>\n\t<meta name=\"twitter:data1\" content=\"4 minutes\" \/>\n<script type=\"application\/ld+json\" class=\"yoast-schema-graph\">{\"@context\":\"https:\/\/schema.org\",\"@graph\":[{\"@type\":\"WebPage\",\"@id\":\"https:\/\/glamestilistas.es\/politica-de-privacidad\/\",\"url\":\"https:\/\/glamestilistas.es\/politica-de-privacidad\/\",\"name\":\"POL\u00cdTICA DE PRIVACIDAD - Glam Estilistas\",\"isPartOf\":{\"@id\":\"https:\/\/glamestilistas.es\/#website\"},\"datePublished\":\"2026-01-29T13:09:38+00:00\",\"dateModified\":\"2026-01-29T13:10:40+00:00\",\"breadcrumb\":{\"@id\":\"https:\/\/glamestilistas.es\/politica-de-privacidad\/#breadcrumb\"},\"inLanguage\":\"en-GB\",\"potentialAction\":[{\"@type\":\"ReadAction\",\"target\":[\"https:\/\/glamestilistas.es\/politica-de-privacidad\/\"]}]},{\"@type\":\"BreadcrumbList\",\"@id\":\"https:\/\/glamestilistas.es\/politica-de-privacidad\/#breadcrumb\",\"itemListElement\":[{\"@type\":\"ListItem\",\"position\":1,\"name\":\"Portada\",\"item\":\"https:\/\/glamestilistas.es\/\"},{\"@type\":\"ListItem\",\"position\":2,\"name\":\"POL\u00cdTICA DE PRIVACIDAD\"}]},{\"@type\":\"WebSite\",\"@id\":\"https:\/\/glamestilistas.es\/#website\",\"url\":\"https:\/\/glamestilistas.es\/\",\"name\":\"Glam Estilistas\",\"description\":\"Sal&oacute;n de peluquer&iacute;a en Almer&iacute;a\",\"publisher\":{\"@id\":\"https:\/\/glamestilistas.es\/#organization\"},\"potentialAction\":[{\"@type\":\"SearchAction\",\"target\":{\"@type\":\"EntryPoint\",\"urlTemplate\":\"https:\/\/glamestilistas.es\/?s={search_term_string}\"},\"query-input\":{\"@type\":\"PropertyValueSpecification\",\"valueRequired\":true,\"valueName\":\"search_term_string\"}}],\"inLanguage\":\"en-GB\"},{\"@type\":\"Organization\",\"@id\":\"https:\/\/glamestilistas.es\/#organization\",\"name\":\"Glam Estilistas\",\"url\":\"https:\/\/glamestilistas.es\/\",\"logo\":{\"@type\":\"ImageObject\",\"inLanguage\":\"en-GB\",\"@id\":\"https:\/\/glamestilistas.es\/#\/schema\/logo\/image\/\",\"url\":\"https:\/\/glamestilistas.es\/wp-content\/uploads\/2026\/01\/Logo-Glam.png\",\"contentUrl\":\"https:\/\/glamestilistas.es\/wp-content\/uploads\/2026\/01\/Logo-Glam.png\",\"width\":1454,\"height\":842,\"caption\":\"Glam Estilistas\"},\"image\":{\"@id\":\"https:\/\/glamestilistas.es\/#\/schema\/logo\/image\/\"},\"sameAs\":[\"https:\/\/www.instagram.com\/glam_estilistas_almeria\/?hl=es-la\"]}]}<\/script>\n<!-- \/ Yoast SEO plugin. -->","yoast_head_json":{"title":"POL\u00cdTICA DE PRIVACIDAD - Glam Estilistas","robots":{"index":"index","follow":"follow","max-snippet":"max-snippet:-1","max-image-preview":"max-image-preview:large","max-video-preview":"max-video-preview:-1"},"canonical":"https:\/\/glamestilistas.es\/en\/politica-de-privacidad\/","og_locale":"en_GB","og_type":"article","og_title":"POL\u00cdTICA DE PRIVACIDAD - Glam Estilistas","og_description":"POL\u00cdTICA DE COOKIESResponsable del tratamiento Responsable: Carlos Enrique Gonz\u00e1lez CarlosNIF: 44388157CNombre comercial: Glam EstilistasDirecci\u00f3n: Av. de la Estaci\u00f3n, 26 \u2013 04005 \u2013 Almer\u00edaTel\u00e9fono: 950 08 81 44WhatsApp: 627 97 23 38 Datos personales tratados A trav\u00e9s del sitio web se podr\u00e1n tratar los siguientes datos personales: Nombre y apellidos Tel\u00e9fono Informaci\u00f3n necesaria para la gesti\u00f3n [&hellip;]","og_url":"https:\/\/glamestilistas.es\/en\/politica-de-privacidad\/","og_site_name":"Glam Estilistas","article_publisher":"https:\/\/www.instagram.com\/glam_estilistas_almeria\/?hl=es-la","article_modified_time":"2026-01-29T13:10:40+00:00","twitter_card":"summary_large_image","twitter_misc":{"Estimated reading time":"4 minutes"},"schema":{"@context":"https:\/\/schema.org","@graph":[{"@type":"WebPage","@id":"https:\/\/glamestilistas.es\/politica-de-privacidad\/","url":"https:\/\/glamestilistas.es\/politica-de-privacidad\/","name":"POL\u00cdTICA DE PRIVACIDAD - Glam Estilistas","isPartOf":{"@id":"https:\/\/glamestilistas.es\/#website"},"datePublished":"2026-01-29T13:09:38+00:00","dateModified":"2026-01-29T13:10:40+00:00","breadcrumb":{"@id":"https:\/\/glamestilistas.es\/politica-de-privacidad\/#breadcrumb"},"inLanguage":"en-GB","potentialAction":[{"@type":"ReadAction","target":["https:\/\/glamestilistas.es\/politica-de-privacidad\/"]}]},{"@type":"BreadcrumbList","@id":"https:\/\/glamestilistas.es\/politica-de-privacidad\/#breadcrumb","itemListElement":[{"@type":"ListItem","position":1,"name":"Portada","item":"https:\/\/glamestilistas.es\/"},{"@type":"ListItem","position":2,"name":"POL\u00cdTICA DE PRIVACIDAD"}]},{"@type":"WebSite","@id":"https:\/\/glamestilistas.es\/#website","url":"https:\/\/glamestilistas.es\/","name":"Glam Estilistas","description":"Sal&oacute;n de peluquer&iacute;a en Almer&iacute;a","publisher":{"@id":"https:\/\/glamestilistas.es\/#organization"},"potentialAction":[{"@type":"SearchAction","target":{"@type":"EntryPoint","urlTemplate":"https:\/\/glamestilistas.es\/?s={search_term_string}"},"query-input":{"@type":"PropertyValueSpecification","valueRequired":true,"valueName":"search_term_string"}}],"inLanguage":"en-GB"},{"@type":"Organization","@id":"https:\/\/glamestilistas.es\/#organization","name":"Glam Estilistas","url":"https:\/\/glamestilistas.es\/","logo":{"@type":"ImageObject","inLanguage":"en-GB","@id":"https:\/\/glamestilistas.es\/#\/schema\/logo\/image\/","url":"https:\/\/glamestilistas.es\/wp-content\/uploads\/2026\/01\/Logo-Glam.png","contentUrl":"https:\/\/glamestilistas.es\/wp-content\/uploads\/2026\/01\/Logo-Glam.png","width":1454,"height":842,"caption":"Glam Estilistas"},"image":{"@id":"https:\/\/glamestilistas.es\/#\/schema\/logo\/image\/"},"sameAs":["https:\/\/www.instagram.com\/glam_estilistas_almeria\/?hl=es-la"]}]}},"_links":{"self":[{"href":"https:\/\/glamestilistas.es\/en\/wp-json\/wp\/v2\/pages\/224","targetHints":{"allow":["GET"]}}],"collection":[{"href":"https:\/\/glamestilistas.es\/en\/wp-json\/wp\/v2\/pages"}],"about":[{"href":"https:\/\/glamestilistas.es\/en\/wp-json\/wp\/v2\/types\/page"}],"author":[{"embeddable":true,"href":"https:\/\/glamestilistas.es\/en\/wp-json\/wp\/v2\/users\/2"}],"replies":[{"embeddable":true,"href":"https:\/\/glamestilistas.es\/en\/wp-json\/wp\/v2\/comments?post=224"}],"version-history":[{"count":3,"href":"https:\/\/glamestilistas.es\/en\/wp-json\/wp\/v2\/pages\/224\/revisions"}],"predecessor-version":[{"id":227,"href":"https:\/\/glamestilistas.es\/en\/wp-json\/wp\/v2\/pages\/224\/revisions\/227"}],"wp:attachment":[{"href":"https:\/\/glamestilistas.es\/en\/wp-json\/wp\/v2\/media?parent=224"}],"curies":[{"name":"wp","href":"https:\/\/api.w.org\/{rel}","templated":true}]}}