{"id":250,"date":"2026-03-10T14:03:39","date_gmt":"2026-03-10T14:03:39","guid":{"rendered":"https:\/\/glamestilistas.es\/?page_id=250"},"modified":"2026-03-10T14:14:32","modified_gmt":"2026-03-10T14:14:32","slug":"peluqueria-almeria-preguntas-frecuentes","status":"publish","type":"page","link":"https:\/\/glamestilistas.es\/en\/peluqueria-almeria-preguntas-frecuentes\/","title":{"rendered":"Peluqueria almeria preguntas frecuentes"},"content":{"rendered":"<p>[et_pb_section fb_built=\u00bb1&#8243; custom_padding_last_edited=\u00bbon|phone\u00bb next_background_color=\u00bb#ffffff\u00bb _builder_version=\u00bb4.27.5&#8243; _module_preset=\u00bbdefault\u00bb background_color=\u00bb#000000&#8243; background_image=\u00bbhttps:\/\/glamestilistas.es\/wp-content\/uploads\/2026\/01\/2020-11-18.webp\u00bb background_position=\u00bbcenter_left\u00bb background_blend=\u00bbcolor-burn\u00bb positioning=\u00bbnone\u00bb custom_padding=\u00bb150px||20px||false|false\u00bb custom_padding_tablet=\u00bb0px|40px|120px|40px|false|false\u00bb custom_padding_phone=\u00bb80px|0px|10px|0px|false|false\u00bb bottom_divider_style=\u00bbslant2&#8243; bottom_divider_flip=\u00bbvertical\u00bb locked=\u00bboff\u00bb global_colors_info=\u00bb{}\u00bb][et_pb_row column_structure=\u00bb2_3,1_3&#8243; _builder_version=\u00bb4.27.5&#8243; _module_preset=\u00bbdefault\u00bb width=\u00bb90%\u00bb custom_margin=\u00bb-2px|auto|-2px|auto|true|false\u00bb custom_padding=\u00bb112px||112px||true|\u00bb global_colors_info=\u00bb{}\u00bb][et_pb_column type=\u00bb2_3&#8243; _builder_version=\u00bb4.27.5&#8243; _module_preset=\u00bbdefault\u00bb global_colors_info=\u00bb{}\u00bb][et_pb_text _builder_version=\u00bb4.27.5&#8243; _module_preset=\u00bbdefault\u00bb text_font=\u00bb&#8211;et_global_heading_font||on||||||\u00bb text_text_color=\u00bb#FFFFFF\u00bb text_font_size=\u00bb50px\u00bb text_line_height=\u00bb1.1em\u00bb header_font=\u00bb||on||||||\u00bb header_text_align=\u00bbleft\u00bb header_text_color=\u00bb#FFFFFF\u00bb header_font_size=\u00bb65px\u00bb animation_style=\u00bbslide\u00bb animation_direction=\u00bbbottom\u00bb animation_delay=\u00bb500ms\u00bb animation_intensity_slide=\u00bb10%\u00bb animation_speed_curve=\u00bbease\u00bb header_font_size_tablet=\u00bb55px\u00bb header_font_size_phone=\u00bb35px\u00bb header_font_size_last_edited=\u00bbon|tablet\u00bb header_text_shadow_style=\u00bbpreset2&#8243; global_colors_info=\u00bb{}\u00bb]Preguntas frecuentes sobre nuestra peluquer\u00eda en Almer\u00eda[\/et_pb_text][\/et_pb_column][et_pb_column type=\u00bb1_3&#8243; _builder_version=\u00bb4.27.5&#8243; _module_preset=\u00bbdefault\u00bb global_colors_info=\u00bb{}\u00bb][\/et_pb_column][\/et_pb_row][\/et_pb_section][et_pb_section fb_built=\u00bb1&#8243; custom_padding_last_edited=\u00bbon|phone\u00bb _builder_version=\u00bb4.27.5&#8243; _module_preset=\u00bbdefault\u00bb custom_padding=\u00bb50px||50px||true|\u00bb custom_padding_tablet=\u00bb105px||105px||true|\u00bb custom_padding_phone=\u00bb50px||50px||true|false\u00bb locked=\u00bboff\u00bb global_colors_info=\u00bb{}\u00bb][et_pb_row use_custom_gutter=\u00bbon\u00bb gutter_width=\u00bb2&#8243; _builder_version=\u00bb4.27.5&#8243; _module_preset=\u00bbdefault\u00bb width=\u00bb90%\u00bb custom_margin=\u00bb0px||0px||false|false\u00bb custom_padding=\u00bb0px||0px||false|false\u00bb global_colors_info=\u00bb{}\u00bb][et_pb_column type=\u00bb4_4&#8243; _builder_version=\u00bb4.25.2&#8243; _module_preset=\u00bbdefault\u00bb global_colors_info=\u00bb{}\u00bb][et_pb_accordion open_toggle_text_color=\u00bb#000000&#8243; closed_toggle_background_color=\u00bb#000000&#8243; icon_color=\u00bb#000000&#8243; _builder_version=\u00bb4.27.5&#8243; _module_preset=\u00bbdefault\u00bb toggle_text_color=\u00bb#FFFFFF\u00bb toggle_font_size=\u00bb18px\u00bb body_text_color=\u00bb#000000&#8243; border_color_all=\u00bb#000000&#8243; global_colors_info=\u00bb{}\u00bb][et_pb_accordion_item title=\u00bb\u00bfD\u00f3nde est\u00e1 ubicada la peluquer\u00eda Glam Estilistas en Almer\u00eda?\u00bb open=\u00bbon\u00bb _builder_version=\u00bb4.27.5&#8243; _module_preset=\u00bbdefault\u00bb global_colors_info=\u00bb{}\u00bb]<\/p>\n<p><span style=\"font-weight: 400;\">Nuestro sal\u00f3n <\/span><b>Glam Estilistas<\/b><span style=\"font-weight: 400;\"> est\u00e1 ubicado en <\/span><b>Av. de la Estaci\u00f3n, 26, 04005 Almer\u00eda<\/b><span style=\"font-weight: 400;\">, en una zona c\u00e9ntrica y de f\u00e1cil acceso. Si buscas una <\/span><b>peluquer\u00eda en Almer\u00eda centro<\/b><span style=\"font-weight: 400;\">, estaremos encantados de atenderte en nuestro sal\u00f3n.<\/span><\/p>\n<p>[\/et_pb_accordion_item][et_pb_accordion_item title=\u00bb \u00bfEs necesario pedir cita previa en Glam Estilistas?\u00bb open=\u00bboff\u00bb _builder_version=\u00bb4.27.5&#8243; _module_preset=\u00bbdefault\u00bb global_colors_info=\u00bb{}\u00bb]<\/p>\n<p><span style=\"font-weight: 400;\">S\u00ed, trabajamos <\/span><b>siempre con cita previa<\/b><span style=\"font-weight: 400;\">. De esta manera podemos ofrecer a cada cliente una atenci\u00f3n m\u00e1s tranquila, personalizada y sin esperas.<\/span><\/p>\n<p>[\/et_pb_accordion_item][et_pb_accordion_item title=\u00bb\u00bfPor qu\u00e9 trabaj\u00e1is solo con cita previa?\u00bb open=\u00bboff\u00bb _builder_version=\u00bb4.27.5&#8243; _module_preset=\u00bbdefault\u00bb global_colors_info=\u00bb{}\u00bb]<\/p>\n<p><span style=\"font-weight: 400;\">Trabajar con cita previa nos permite dedicar el tiempo necesario a cada cliente, garantizar <\/span><b>puntualidad en los horarios<\/b><span style=\"font-weight: 400;\"> y ofrecer un ambiente relajado durante cada servicio.<\/span><\/p>\n<p>[\/et_pb_accordion_item][et_pb_accordion_item title=\u00bb\u00bfQu\u00e9 servicios ofrece Glam Estilistas?\u00bb open=\u00bboff\u00bb _builder_version=\u00bb4.27.5&#8243; _module_preset=\u00bbdefault\u00bb global_colors_info=\u00bb{}\u00bb]<\/p>\n<p><span style=\"font-weight: 400;\">En nuestra peluquer\u00eda ubicada en <\/span><b>Av. de la Estaci\u00f3n, 26 en Almer\u00eda<\/b><span style=\"font-weight: 400;\">, ofrecemos servicios como:<\/span><\/p>\n<ul>\n<li style=\"font-weight: 400;\" aria-level=\"1\"><span style=\"font-weight: 400;\">corte de pelo<\/span><\/li>\n<li style=\"font-weight: 400;\" aria-level=\"1\"><span style=\"font-weight: 400;\">coloraci\u00f3n y mechas<\/span><\/li>\n<li style=\"font-weight: 400;\" aria-level=\"1\"><span style=\"font-weight: 400;\">tratamientos capilares<\/span><\/li>\n<li style=\"font-weight: 400;\" aria-level=\"1\"><span style=\"font-weight: 400;\">peinados<\/span><\/li>\n<li style=\"font-weight: 400;\" aria-level=\"1\"><span style=\"font-weight: 400;\">asesoramiento personalizado<\/span><\/li>\n<\/ul>\n<p>[\/et_pb_accordion_item][et_pb_accordion_item title=\u00bb\u00bfOfrec\u00e9is asesoramiento sobre el cuidado del cabello?\u00bb open=\u00bboff\u00bb _builder_version=\u00bb4.27.5&#8243; _module_preset=\u00bbdefault\u00bb global_colors_info=\u00bb{}\u00bb]<\/p>\n<p><span style=\"font-weight: 400;\">S\u00ed. En <\/span><b>Glam Estilistas Almer\u00eda<\/b><span style=\"font-weight: 400;\"> analizamos el tipo de cabello, necesidades y estilo de cada cliente para recomendar el corte, color o tratamiento m\u00e1s adecuado.<\/span><\/p>\n<p>[\/et_pb_accordion_item][et_pb_accordion_item title=\u00bb\u00bfQu\u00e9 tipo de mechas realiz\u00e1is en vuestra peluquer\u00eda?\u00bb open=\u00bboff\u00bb _builder_version=\u00bb4.27.5&#8243; _module_preset=\u00bbdefault\u00bb global_colors_info=\u00bb{}\u00bb]<\/p>\n<p><span style=\"font-weight: 400;\">Trabajamos diferentes t\u00e9cnicas de coloraci\u00f3n profesional como:<\/span><\/p>\n<ul>\n<li style=\"font-weight: 400;\" aria-level=\"1\"><span style=\"font-weight: 400;\">mechas balayage<\/span><\/li>\n<li style=\"font-weight: 400;\" aria-level=\"1\"><span style=\"font-weight: 400;\">babylights<\/span><\/li>\n<li style=\"font-weight: 400;\" aria-level=\"1\"><span style=\"font-weight: 400;\">mechas tradicionales<\/span><\/li>\n<li style=\"font-weight: 400;\" aria-level=\"1\"><span style=\"font-weight: 400;\">correcci\u00f3n de color<\/span><\/li>\n<\/ul>\n<p>[\/et_pb_accordion_item][et_pb_accordion_item title=\u00bb\u00bfRealiz\u00e1is mechas balayage en Almer\u00eda?\u00bb open=\u00bboff\u00bb _builder_version=\u00bb4.27.5&#8243; _module_preset=\u00bbdefault\u00bb global_colors_info=\u00bb{}\u00bb]<\/p>\n<p><span style=\"font-weight: 400;\">S\u00ed, en nuestro sal\u00f3n de <\/span><b>Av. de la Estaci\u00f3n, 26 (Almer\u00eda)<\/b><span style=\"font-weight: 400;\"> realizamos <\/span><b>mechas balayage<\/b><span style=\"font-weight: 400;\">, una t\u00e9cnica que aporta luminosidad y un acabado natural al cabello.<\/span><\/p>\n<p>[\/et_pb_accordion_item][et_pb_accordion_item title=\u00bb\u00bfQu\u00e9 productos utiliz\u00e1is en los servicios de peluquer\u00eda?\u00bb open=\u00bboff\u00bb _builder_version=\u00bb4.27.5&#8243; _module_preset=\u00bbdefault\u00bb global_colors_info=\u00bb{}\u00bb]<\/p>\n<p><span style=\"font-weight: 400;\">Trabajamos con <\/span><b>productos profesionales de alta calidad<\/b><span style=\"font-weight: 400;\">, priorizando <\/span><b>marcas espa\u00f1olas siempre que es posible<\/b><span style=\"font-weight: 400;\">, para cuidar el cabello y obtener los mejores resultados.<\/span><\/p>\n<p>[\/et_pb_accordion_item][et_pb_accordion_item title=\u00bb\u00bfOfrec\u00e9is tratamientos para reparar el cabello da\u00f1ado?\u00bb open=\u00bboff\u00bb _builder_version=\u00bb4.27.5&#8243; _module_preset=\u00bbdefault\u00bb global_colors_info=\u00bb{}\u00bb]<\/p>\n<p><span style=\"font-weight: 400;\">S\u00ed, contamos con diferentes <\/span><b>tratamientos capilares para hidratar, nutrir y reparar el cabello<\/b><span style=\"font-weight: 400;\">, ideales para cabellos da\u00f1ados o castigados.<\/span><\/p>\n<p>[\/et_pb_accordion_item][et_pb_accordion_item title=\u00bb\u00bfC\u00f3mo sabr\u00e9 qu\u00e9 tratamiento capilar necesito?\u00bb open=\u00bboff\u00bb _builder_version=\u00bb4.27.5&#8243; _module_preset=\u00bbdefault\u00bb global_colors_info=\u00bb{}\u00bb]<\/p>\n<p><span style=\"font-weight: 400;\">Nuestro equipo te asesorar\u00e1 personalmente en nuestro sal\u00f3n de <\/span><b>Av. de la Estaci\u00f3n, 26 en Almer\u00eda<\/b><span style=\"font-weight: 400;\">, recomendando el tratamiento m\u00e1s adecuado seg\u00fan el estado de tu cabello.<\/span><\/p>\n<p>[\/et_pb_accordion_item][et_pb_accordion_item title=\u00bb\u00bfCu\u00e1nto dura normalmente una cita en la peluquer\u00eda?\u00bb open=\u00bboff\u00bb _builder_version=\u00bb4.27.5&#8243; _module_preset=\u00bbdefault\u00bb global_colors_info=\u00bb{}\u00bb]<\/p>\n<p><span style=\"font-weight: 400;\">La duraci\u00f3n depende del servicio que se realice. Gracias a nuestro sistema de citas podemos organizar los horarios para que cada cliente reciba la atenci\u00f3n necesaria.<\/span><\/p>\n<p>[\/et_pb_accordion_item][et_pb_accordion_item title=\u00bb\u00bfHay tiempo de espera cuando llego al sal\u00f3n?\u00bb open=\u00bboff\u00bb _builder_version=\u00bb4.27.5&#8243; _module_preset=\u00bbdefault\u00bb global_colors_info=\u00bb{}\u00bb]<\/p>\n<p><span style=\"font-weight: 400;\">Trabajamos con cita previa para mantener <\/span><b>la m\u00e1xima puntualidad<\/b><span style=\"font-weight: 400;\"> y reducir al m\u00ednimo los tiempos de espera.<\/span><\/p>\n<p>[\/et_pb_accordion_item][et_pb_accordion_item title=\u00bb\u00bfOfrec\u00e9is un ambiente tranquilo en el sal\u00f3n?\u00bb open=\u00bboff\u00bb _builder_version=\u00bb4.27.5&#8243; _module_preset=\u00bbdefault\u00bb global_colors_info=\u00bb{}\u00bb]<\/p>\n<p><span style=\"font-weight: 400;\">S\u00ed. En <\/span><b>Glam Estilistas Almer\u00eda<\/b><span style=\"font-weight: 400;\"> cuidamos que cada visita sea una experiencia relajante y agradable para nuestros clientes.<\/span><\/p>\n<p>[\/et_pb_accordion_item][et_pb_accordion_item title=\u00bb\u00bfRealiz\u00e1is cortes de pelo personalizados?\u00bb open=\u00bboff\u00bb _builder_version=\u00bb4.27.5&#8243; _module_preset=\u00bbdefault\u00bb global_colors_info=\u00bb{}\u00bb]<\/p>\n<p><span style=\"font-weight: 400;\">S\u00ed. Adaptamos cada corte al rostro, estilo y tipo de cabello de cada cliente para conseguir un resultado natural y favorecedor.<\/span><\/p>\n<p>[\/et_pb_accordion_item][et_pb_accordion_item title=\u00bb\u00bfPuedo pedir asesoramiento antes de realizar un cambio de look?\u00bb open=\u00bboff\u00bb _builder_version=\u00bb4.27.5&#8243; _module_preset=\u00bbdefault\u00bb global_colors_info=\u00bb{}\u00bb]<\/p>\n<p><span style=\"font-weight: 400;\">Por supuesto. Nuestro equipo ofrece <\/span><b>asesoramiento profesional antes de cualquier cambio de corte o color<\/b><span style=\"font-weight: 400;\"> para que el resultado sea el que buscas.<\/span><\/p>\n<p>[\/et_pb_accordion_item][et_pb_accordion_item title=\u00bb\u00bfC\u00f3mo puedo reservar cita en Glam Estilistas?\u00bb open=\u00bboff\u00bb _builder_version=\u00bb4.27.5&#8243; _module_preset=\u00bbdefault\u00bb global_colors_info=\u00bb{}\u00bb]<\/p>\n<p><span style=\"font-weight: 400;\">Puedes reservar tu cita llamando por tel\u00e9fono o visitando directamente nuestro sal\u00f3n en <\/span><b>Av. de la Estaci\u00f3n, 26, 04005 Almer\u00eda<\/b><span style=\"font-weight: 400;\">.<\/span><\/p>\n<p>[\/et_pb_accordion_item][et_pb_accordion_item title=\u00bb\u00bfEs recomendable reservar con antelaci\u00f3n?\u00bb open=\u00bboff\u00bb _builder_version=\u00bb4.27.5&#8243; _module_preset=\u00bbdefault\u00bb global_colors_info=\u00bb{}\u00bb]<\/p>\n<p><span style=\"font-weight: 400;\">S\u00ed, especialmente en horarios de mayor demanda. Reservar con antelaci\u00f3n garantiza disponibilidad en el horario que prefieras.<\/span><\/p>\n<p>[\/et_pb_accordion_item][et_pb_accordion_item title=\u00bb\u00bfTrabaj\u00e1is con productos que cuidan el cabello?\u00bb open=\u00bboff\u00bb _builder_version=\u00bb4.27.5&#8243; _module_preset=\u00bbdefault\u00bb global_colors_info=\u00bb{}\u00bb]<\/p>\n<p><span style=\"font-weight: 400;\">S\u00ed, utilizamos productos profesionales dise\u00f1ados para proteger la fibra capilar y mantener el cabello sano.<\/span><\/p>\n<p>[\/et_pb_accordion_item][et_pb_accordion_item title=\u00bb\u00bfOfrec\u00e9is consejos para cuidar el cabello en casa?\u00bb open=\u00bboff\u00bb _builder_version=\u00bb4.27.5&#8243; _module_preset=\u00bbdefault\u00bb global_colors_info=\u00bb{}\u00bb]<\/p>\n<p><span style=\"font-weight: 400;\">S\u00ed. Adem\u00e1s del servicio en el sal\u00f3n, aconsejamos sobre <\/span><b>rutinas de cuidado y productos adecuados<\/b><span style=\"font-weight: 400;\"> para mantener el cabello en buen estado.<\/span><\/p>\n<p>[\/et_pb_accordion_item][et_pb_accordion_item title=\u00bb\u00bfPor qu\u00e9 elegir Glam Estilistas en Almer\u00eda?\u00bb open=\u00bboff\u00bb _builder_version=\u00bb4.27.5&#8243; _module_preset=\u00bbdefault\u00bb global_colors_info=\u00bb{}\u00bb]<\/p>\n<p><span style=\"font-weight: 400;\">Muchos clientes nos eligen por la <\/span><b>atenci\u00f3n personalizada, la puntualidad, el ambiente tranquilo y el uso de productos profesionales de calidad<\/b><span style=\"font-weight: 400;\"> en cada servicio.<\/span><\/p>\n<p>[\/et_pb_accordion_item][\/et_pb_accordion][\/et_pb_column][\/et_pb_row][\/et_pb_section]<\/p>","protected":false},"excerpt":{"rendered":"<p>Preguntas frecuentes sobre nuestra peluquer\u00eda en Almer\u00edaNuestro sal\u00f3n Glam Estilistas est\u00e1 ubicado en Av. de la Estaci\u00f3n, 26, 04005 Almer\u00eda, en una zona c\u00e9ntrica y de f\u00e1cil acceso. Si buscas una peluquer\u00eda en Almer\u00eda centro, estaremos encantados de atenderte en nuestro sal\u00f3n.S\u00ed, trabajamos siempre con cita previa. De esta manera podemos ofrecer a cada cliente [&hellip;]<\/p>","protected":false},"author":2,"featured_media":0,"parent":0,"menu_order":0,"comment_status":"closed","ping_status":"closed","template":"","meta":{"_et_pb_use_builder":"on","_et_pb_old_content":"","_et_gb_content_width":"","footnotes":""},"class_list":["post-250","page","type-page","status-publish","hentry"],"yoast_head":"<!-- This site is optimized with the Yoast SEO plugin v27.1.1 - https:\/\/yoast.com\/product\/yoast-seo-wordpress\/ -->\n<title>Peluqueria almeria preguntas frecuentes - Glam Estilistas<\/title>\n<meta name=\"robots\" content=\"index, follow, max-snippet:-1, max-image-preview:large, max-video-preview:-1\" \/>\n<link rel=\"canonical\" href=\"https:\/\/glamestilistas.es\/en\/peluqueria-almeria-preguntas-frecuentes\/\" \/>\n<meta property=\"og:locale\" content=\"en_GB\" \/>\n<meta property=\"og:type\" content=\"article\" \/>\n<meta property=\"og:title\" content=\"Peluqueria almeria preguntas frecuentes - Glam Estilistas\" \/>\n<meta property=\"og:description\" content=\"Preguntas frecuentes sobre nuestra peluquer\u00eda en Almer\u00edaNuestro sal\u00f3n Glam Estilistas est\u00e1 ubicado en Av. de la Estaci\u00f3n, 26, 04005 Almer\u00eda, en una zona c\u00e9ntrica y de f\u00e1cil acceso. Si buscas una peluquer\u00eda en Almer\u00eda centro, estaremos encantados de atenderte en nuestro sal\u00f3n.S\u00ed, trabajamos siempre con cita previa. De esta manera podemos ofrecer a cada cliente [&hellip;]\" \/>\n<meta property=\"og:url\" content=\"https:\/\/glamestilistas.es\/en\/peluqueria-almeria-preguntas-frecuentes\/\" \/>\n<meta property=\"og:site_name\" content=\"Glam Estilistas\" \/>\n<meta property=\"article:publisher\" content=\"https:\/\/www.instagram.com\/glam_estilistas_almeria\/?hl=es-la\" \/>\n<meta property=\"article:modified_time\" content=\"2026-03-10T14:14:32+00:00\" \/>\n<meta name=\"twitter:card\" content=\"summary_large_image\" \/>\n<meta name=\"twitter:label1\" content=\"Estimated reading time\" \/>\n\t<meta name=\"twitter:data1\" content=\"7 minutes\" \/>\n<script type=\"application\/ld+json\" class=\"yoast-schema-graph\">{\"@context\":\"https:\/\/schema.org\",\"@graph\":[{\"@type\":\"WebPage\",\"@id\":\"https:\/\/glamestilistas.es\/peluqueria-almeria-preguntas-frecuentes\/\",\"url\":\"https:\/\/glamestilistas.es\/peluqueria-almeria-preguntas-frecuentes\/\",\"name\":\"Peluqueria almeria preguntas frecuentes - Glam Estilistas\",\"isPartOf\":{\"@id\":\"https:\/\/glamestilistas.es\/#website\"},\"datePublished\":\"2026-03-10T14:03:39+00:00\",\"dateModified\":\"2026-03-10T14:14:32+00:00\",\"breadcrumb\":{\"@id\":\"https:\/\/glamestilistas.es\/peluqueria-almeria-preguntas-frecuentes\/#breadcrumb\"},\"inLanguage\":\"en-GB\",\"potentialAction\":[{\"@type\":\"ReadAction\",\"target\":[\"https:\/\/glamestilistas.es\/peluqueria-almeria-preguntas-frecuentes\/\"]}]},{\"@type\":\"BreadcrumbList\",\"@id\":\"https:\/\/glamestilistas.es\/peluqueria-almeria-preguntas-frecuentes\/#breadcrumb\",\"itemListElement\":[{\"@type\":\"ListItem\",\"position\":1,\"name\":\"Portada\",\"item\":\"https:\/\/glamestilistas.es\/\"},{\"@type\":\"ListItem\",\"position\":2,\"name\":\"Peluqueria almeria preguntas frecuentes\"}]},{\"@type\":\"WebSite\",\"@id\":\"https:\/\/glamestilistas.es\/#website\",\"url\":\"https:\/\/glamestilistas.es\/\",\"name\":\"Glam Estilistas\",\"description\":\"Sal&oacute;n de peluquer&iacute;a en Almer&iacute;a\",\"publisher\":{\"@id\":\"https:\/\/glamestilistas.es\/#organization\"},\"potentialAction\":[{\"@type\":\"SearchAction\",\"target\":{\"@type\":\"EntryPoint\",\"urlTemplate\":\"https:\/\/glamestilistas.es\/?s={search_term_string}\"},\"query-input\":{\"@type\":\"PropertyValueSpecification\",\"valueRequired\":true,\"valueName\":\"search_term_string\"}}],\"inLanguage\":\"en-GB\"},{\"@type\":\"Organization\",\"@id\":\"https:\/\/glamestilistas.es\/#organization\",\"name\":\"Glam Estilistas\",\"url\":\"https:\/\/glamestilistas.es\/\",\"logo\":{\"@type\":\"ImageObject\",\"inLanguage\":\"en-GB\",\"@id\":\"https:\/\/glamestilistas.es\/#\/schema\/logo\/image\/\",\"url\":\"https:\/\/glamestilistas.es\/wp-content\/uploads\/2026\/01\/Logo-Glam.png\",\"contentUrl\":\"https:\/\/glamestilistas.es\/wp-content\/uploads\/2026\/01\/Logo-Glam.png\",\"width\":1454,\"height\":842,\"caption\":\"Glam Estilistas\"},\"image\":{\"@id\":\"https:\/\/glamestilistas.es\/#\/schema\/logo\/image\/\"},\"sameAs\":[\"https:\/\/www.instagram.com\/glam_estilistas_almeria\/?hl=es-la\"]}]}<\/script>\n<!-- \/ Yoast SEO plugin. -->","yoast_head_json":{"title":"Peluqueria almeria preguntas frecuentes - Glam Estilistas","robots":{"index":"index","follow":"follow","max-snippet":"max-snippet:-1","max-image-preview":"max-image-preview:large","max-video-preview":"max-video-preview:-1"},"canonical":"https:\/\/glamestilistas.es\/en\/peluqueria-almeria-preguntas-frecuentes\/","og_locale":"en_GB","og_type":"article","og_title":"Peluqueria almeria preguntas frecuentes - Glam Estilistas","og_description":"Preguntas frecuentes sobre nuestra peluquer\u00eda en Almer\u00edaNuestro sal\u00f3n Glam Estilistas est\u00e1 ubicado en Av. de la Estaci\u00f3n, 26, 04005 Almer\u00eda, en una zona c\u00e9ntrica y de f\u00e1cil acceso. Si buscas una peluquer\u00eda en Almer\u00eda centro, estaremos encantados de atenderte en nuestro sal\u00f3n.S\u00ed, trabajamos siempre con cita previa. De esta manera podemos ofrecer a cada cliente [&hellip;]","og_url":"https:\/\/glamestilistas.es\/en\/peluqueria-almeria-preguntas-frecuentes\/","og_site_name":"Glam Estilistas","article_publisher":"https:\/\/www.instagram.com\/glam_estilistas_almeria\/?hl=es-la","article_modified_time":"2026-03-10T14:14:32+00:00","twitter_card":"summary_large_image","twitter_misc":{"Estimated reading time":"7 minutes"},"schema":{"@context":"https:\/\/schema.org","@graph":[{"@type":"WebPage","@id":"https:\/\/glamestilistas.es\/peluqueria-almeria-preguntas-frecuentes\/","url":"https:\/\/glamestilistas.es\/peluqueria-almeria-preguntas-frecuentes\/","name":"Peluqueria almeria preguntas frecuentes - Glam Estilistas","isPartOf":{"@id":"https:\/\/glamestilistas.es\/#website"},"datePublished":"2026-03-10T14:03:39+00:00","dateModified":"2026-03-10T14:14:32+00:00","breadcrumb":{"@id":"https:\/\/glamestilistas.es\/peluqueria-almeria-preguntas-frecuentes\/#breadcrumb"},"inLanguage":"en-GB","potentialAction":[{"@type":"ReadAction","target":["https:\/\/glamestilistas.es\/peluqueria-almeria-preguntas-frecuentes\/"]}]},{"@type":"BreadcrumbList","@id":"https:\/\/glamestilistas.es\/peluqueria-almeria-preguntas-frecuentes\/#breadcrumb","itemListElement":[{"@type":"ListItem","position":1,"name":"Portada","item":"https:\/\/glamestilistas.es\/"},{"@type":"ListItem","position":2,"name":"Peluqueria almeria preguntas frecuentes"}]},{"@type":"WebSite","@id":"https:\/\/glamestilistas.es\/#website","url":"https:\/\/glamestilistas.es\/","name":"Glam Estilistas","description":"Sal&oacute;n de peluquer&iacute;a en Almer&iacute;a","publisher":{"@id":"https:\/\/glamestilistas.es\/#organization"},"potentialAction":[{"@type":"SearchAction","target":{"@type":"EntryPoint","urlTemplate":"https:\/\/glamestilistas.es\/?s={search_term_string}"},"query-input":{"@type":"PropertyValueSpecification","valueRequired":true,"valueName":"search_term_string"}}],"inLanguage":"en-GB"},{"@type":"Organization","@id":"https:\/\/glamestilistas.es\/#organization","name":"Glam Estilistas","url":"https:\/\/glamestilistas.es\/","logo":{"@type":"ImageObject","inLanguage":"en-GB","@id":"https:\/\/glamestilistas.es\/#\/schema\/logo\/image\/","url":"https:\/\/glamestilistas.es\/wp-content\/uploads\/2026\/01\/Logo-Glam.png","contentUrl":"https:\/\/glamestilistas.es\/wp-content\/uploads\/2026\/01\/Logo-Glam.png","width":1454,"height":842,"caption":"Glam Estilistas"},"image":{"@id":"https:\/\/glamestilistas.es\/#\/schema\/logo\/image\/"},"sameAs":["https:\/\/www.instagram.com\/glam_estilistas_almeria\/?hl=es-la"]}]}},"_links":{"self":[{"href":"https:\/\/glamestilistas.es\/en\/wp-json\/wp\/v2\/pages\/250","targetHints":{"allow":["GET"]}}],"collection":[{"href":"https:\/\/glamestilistas.es\/en\/wp-json\/wp\/v2\/pages"}],"about":[{"href":"https:\/\/glamestilistas.es\/en\/wp-json\/wp\/v2\/types\/page"}],"author":[{"embeddable":true,"href":"https:\/\/glamestilistas.es\/en\/wp-json\/wp\/v2\/users\/2"}],"replies":[{"embeddable":true,"href":"https:\/\/glamestilistas.es\/en\/wp-json\/wp\/v2\/comments?post=250"}],"version-history":[{"count":6,"href":"https:\/\/glamestilistas.es\/en\/wp-json\/wp\/v2\/pages\/250\/revisions"}],"predecessor-version":[{"id":257,"href":"https:\/\/glamestilistas.es\/en\/wp-json\/wp\/v2\/pages\/250\/revisions\/257"}],"wp:attachment":[{"href":"https:\/\/glamestilistas.es\/en\/wp-json\/wp\/v2\/media?parent=250"}],"curies":[{"name":"wp","href":"https:\/\/api.w.org\/{rel}","templated":true}]}}